{"id":21773,"date":"2017-06-21T13:13:21","date_gmt":"2017-06-21T12:13:21","guid":{"rendered":"https:\/\/4mandous.fr\/?page_id=21773"},"modified":"2020-02-05T17:35:45","modified_gmt":"2020-02-05T16:35:45","slug":"prague-2016","status":"publish","type":"page","link":"https:\/\/4mandous.fr\/?page_id=21773","title":{"rendered":"Prague"},"content":{"rendered":"<p><strong>Visite du ch\u00e2teau royal de Prague, symbole du glorieux pass\u00e9 du peuple tch\u00e8que et si\u00e8ge de l\u2019actuel pr\u00e9sident de la R\u00e9publique Tch\u00e8que. Visite de la cath\u00e9drale Saint-Guy situ\u00e9e au c\u0153ur du ch\u00e2teau, puis par l\u2019\u00e9glise Saint-Georges. Visite du quartier pittoresque de Mala Strana, riche de ses anciens palais et de la c\u00e9l\u00e8bre \u00e9glise Saint-Nicolas. Charme des merveilles architecturales de la vieille ville, la Travers\u00e9e du Pont Charles, \u00e9difice embl\u00e9matique de la ville, et la place principale avec l\u2019h\u00f4tel de ville du XIV\u00e8me si\u00e8cle et son horloge astronomique aux douze ap\u00f4tres ainsi que l\u2019imposante \u00e9glise Notre Dame de Tyn.<\/strong><br \/>\n<strong>D\u00e9couverte du sanctuaire baroque de Notre Dame de Loreta, de son clo\u00eetre et de ses chapelles. Travers\u00e9e de la Santa Casa qui abrite l\u2019\u00e9glise baroque de la Nativit\u00e9 et terminerez \u00e0 Prague par la d\u00e9couverte du tr\u00e9sor de la Loreta et son c\u00e9l\u00e8bre Soleil de Prague.<\/strong><br \/>\n<div id=\"wondergridgallerylightbox_options_23\" data-skinsfoldername=\"skins\/default\/\"  data-jsfolder=\"https:\/\/4mandous.fr\/wp-content\/plugins\/wonderplugin-gridgallery-trial\/engine\/\" style=\"display:none;\"><\/div>\r\n<div class=\"wonderplugingridgallery\" id=\"wonderplugingridgallery-23\" data-gridgalleryid=\"23\" data-width=\"200\" data-height=\"150\" data-skin=\"tiles\" data-style=\"roundcorner\" data-categorylist=\"[{&quot;slug&quot;:&quot;all&quot;,&quot;caption&quot;:&quot;Show All&quot;}]\" data-mediumgridsize=\"false\" data-smallgridsize=\"false\" data-applylinktotext=\"false\" data-fullwidth=\"false\" data-fullwidthsamegrid=\"false\" data-supportshortcode=\"false\" data-donotzoomin=\"false\" data-enabletabindex=\"false\" data-masonrymode=\"false\" data-random=\"false\" data-shownavigation=\"true\" data-shownavcontrol=\"true\" data-hidenavdefault=\"false\" data-nohoverontouchscreen=\"false\" data-hoverzoomin=\"true\" data-hoverzoominimageonly=\"true\" data-hoverzoominimagecenter=\"false\" data-hoverfade=\"false\" data-responsive=\"true\" data-mediumscreen=\"true\" data-smallscreen=\"true\" data-showtitle=\"true\" data-showtexttitle=\"true\" data-showtextdescription=\"false\" data-showtextbutton=\"false\" data-overlaylink=\"false\" data-donotaddtext=\"false\" data-lightboxnogroup=\"false\" data-lightboxcategorygroup=\"false\" data-justifymode=\"false\" data-donotjustifylastrowifoverlimit=\"false\" data-donotjustifyifonlyonerowandoverlimit=\"true\" data-limitjustifymaxheight=\"true\" data-usetemplatefortextoverlay=\"false\" data-usetemplateforgrid=\"false\" data-deferloading=\"false\" data-lightboxshowallcategories=\"false\" data-lightboxshowtitle=\"true\" data-lightboxshowdescription=\"false\" data-lightboxaddsocialmedia=\"false\" data-lightboxresponsive=\"true\" data-centerimage=\"true\" data-circularimage=\"false\" data-firstimage=\"false\" data-textinsidespace=\"false\" data-donotinit=\"false\" data-addinitscript=\"false\" data-lightboxshowsocial=\"false\" data-lightboxshowemail=\"false\" data-lightboxshowfacebook=\"true\" data-lightboxshowtwitter=\"true\" data-lightboxshowpinterest=\"true\" data-lightboxshowdownload=\"false\" data-lightboxsocialrotateeffect=\"true\" data-lightboxenablehtml5poster=\"false\" data-lightboxenableaudio=\"false\" data-lightboxaudioautoplay=\"true\" data-lightboxaudioloop=\"true\" data-lightboxaudioshowonhover=\"true\" data-categorymulticatand=\"false\" data-categoryshow=\"false\" data-categoryhideall=\"false\" data-categorymulticat=\"false\" data-categoryatleastone=\"false\" data-addvideoplaybutton=\"true\" data-lightboxfullscreenmode=\"false\" data-lightboxcloseonoverlay=\"true\" data-lightboxvideohidecontrols=\"false\" data-lightboxfullscreentextoutside=\"true\" data-lightboxfullscreenmodeonsmallscreen=\"false\" data-lightboxfullscreentextinside=\"false\" data-triggerresizeafterinit=\"false\" data-removeinlinecss=\"true\" data-lightboxresponsivebarheight=\"false\" data-lightboxnotkeepratioonsmallheight=\"false\" data-lazyloadimages=\"true\" data-triggerresize=\"true\" data-loadallremaining=\"false\" data-lightboxautoslide=\"false\" data-lightboxshowtimer=\"true\" data-lightboxshowplaybutton=\"true\" data-lightboxalwaysshownavarrows=\"false\" data-lightboxshowtitleprefix=\"true\" data-smallimgheightpercent=\"100\" data-mediumimgheightpercent=\"100\" data-imgheightpercent=\"100\" data-smallimgwidthpercent=\"100\" data-mediumimgwidthpercent=\"100\" data-imgwidthpercent=\"100\" data-mediumwidth=\"320\" data-mediumheight=\"240\" data-smallwidth=\"320\" data-smallheight=\"240\" data-thumbwidth=\"90\" data-thumbheight=\"60\" data-thumbtopmargin=\"12\" data-thumbbottommargin=\"4\" data-barheight=\"64\" data-titlebottomcss=\"color:#333; font-size:14px; font-family:Armata,sans-serif,Arial; overflow:hidden; text-align:left;\" data-descriptionbottomcss=\"color:#333; font-size:12px; font-family:Arial,Helvetica,sans-serif; overflow:hidden; text-align:left; margin:4px 0px 0px; padding: 0px;\" data-googleanalyticsaccount=\"\" data-gap=\"8\" data-margin=\"0\" data-borderradius=\"4\" data-justifymaxheight=\"1\" data-hoverzoominvalue=\"24\" data-hoverzoominduration=\"180\" data-hoverzoominimagescale=\"1.1\" data-hoverzoominimageduration=\"360\" data-hoverfadeopacity=\"0.8\" data-hoverfadeduration=\"300\" data-videoplaybutton=\"playvideo-64-64-0.png\" data-column=\"1\" data-mediumcolumn=\"1\" data-mediumscreensize=\"800\" data-smallcolumn=\"1\" data-smallscreensize=\"600\" data-titlemode=\"always\" data-titleeffect=\"slide\" data-titleeffectduration=\"300\" data-titleheight=\"0\" data-scalemode=\"fill\" data-lightboxbgcolor=\"#fff\" data-lightboxoverlaybgcolor=\"#000\" data-lightboxoverlayopacity=\"0.9\" data-navbgcolor=\"rgba(0,0,0,0.2)\" data-deferloadingdelay=\"0\" data-categoryposition=\"topleft\" data-categorystyle=\"wpp-category-greybutton\" data-categorydefault=\"all\" data-verticalcategorysmallscreenwidth=\"480\" data-triggerresizedelay=\"500\" data-triggerresizeafterinitdelay=\"500\" data-lightboxfullscreensmallscreenwidth=\"800\" data-lightboxbordertopmargin=\"48\" data-lightboxbordertopmarginsmall=\"36\" data-lightboxresizespeed=\"400\" data-lightboxfadespeed=\"0\" data-lightboxtransition=\"none\" data-lightboxtransitionduration=\"400\" data-lightboxaudiofile=\"\" data-lightboxsocialposition=\"position:absolute;top:100%;right:0;\" data-lightboxsocialpositionsmallscreen=\"position:absolute;top:100%;right:0;left:0;\" data-lightboxsocialdirection=\"horizontal\" data-lightboxsocialbuttonsize=\"32\" data-lightboxsocialbuttonfontsize=\"18\" data-lightboxtitlestyle=\"bottom\" data-lightboximagepercentage=\"75\" data-lightboxdefaultvideovolume=\"1\" data-lightboxtitleprefix=\"%NUM \/ %TOTAL\" data-lightboxtitleinsidecss=\"color:#fff; font-size:16px; font-family:Arial,Helvetica,sans-serif; overflow:hidden; text-align:left;\" data-lightboxdescriptioninsidecss=\"color:#fff; font-size:12px; font-family:Arial,Helvetica,sans-serif; overflow:hidden; text-align:left; margin:4px 0px 0px; padding: 0px;\" data-lightboxfullscreentitlebottomcss=\"color:#fff; font-size:16px; font-family:Arial,Helvetica,sans-serif; overflow:hidden; text-align:left; margin:4px 8px 8px;\" data-lightboxfullscreendescriptionbottomcss=\"color:#fff; font-size:12px; font-family:Arial,Helvetica,sans-serif; overflow:hidden; text-align:left; margin:4px 0px 0px; padding: 0px;\" data-lightboxsmallscreenheight=\"415\" data-lightboxbarheightonsmallheight=\"64\" data-lazyloadmode=\"none\" data-itemsperpage=\"12\" data-loadmorecaption=\"Load More\" data-loadmorecssstyle=\"wpp-loadmore-greybutton\" data-paginationcssstyle=\"wpp-pagination-greybutton\" data-paginationpos=\"bottom\" data-lightboxenteranimation=\"\" data-lightboxexitanimation=\"\" data-lightboxnavarrowspos=\"inside\" data-lightboxslideinterval=\"5000\" data-lightboxtimerposition=\"bottom\" data-lightboxtimercolor=\"#dc572e\" data-lightboxtimeropacity=\"1\" data-lightboxbordersize=\"8\" data-lightboxborderradius=\"0\" data-categoryregulardropdown=\"false\" data-jsfolder=\"https:\/\/4mandous.fr\/wp-content\/plugins\/wonderplugin-gridgallery-trial\/engine\/\" data-skinsfoldername=\"skins\/default\/\" style=\"display:none;position:relative;margin:0 auto;width:100%;max-width:200px;\" ><div class=\"wonderplugin-gridgallery-list\" style=\"display:block;position:relative;max-width:100%;margin:0 auto;\"><div class=\"wonderplugin-gridgallery-item\" data-row=\"1\" data-col=\"1\"><div class=\"wonderplugin-gridgallery-item-container\"><a href=\"https:\/\/4mandous.fr\/?page_id=21773\" data-title=\"Prague\"><img decoding=\"async\" class=\"wonderplugin-gridgallery-item-img\" alt=\"Prague\" src=\"https:\/\/4mandous.fr\/wp-content\/uploads\/2017\/10\/Pragues-2016-300x225.jpg\" \/><\/a><\/div><\/div><div class=\"wonderplugin-gridgallery-item\" data-row=\"1\" data-col=\"1\"><div class=\"wonderplugin-gridgallery-item-container\"><a href=\"https:\/\/4mandous.fr\/?page_id=21767\" data-title=\"Vienne 2016\"><img decoding=\"async\" class=\"wonderplugin-gridgallery-item-img\" alt=\"Vienne 2016\" src=\"https:\/\/4mandous.fr\/wp-content\/uploads\/2017\/10\/Vienne-2016-300x225.jpg\" \/><\/a><\/div><\/div><div class=\"wonderplugin-gridgallery-item\" data-row=\"1\" data-col=\"1\"><div class=\"wonderplugin-gridgallery-item-container\"><a href=\"https:\/\/4mandous.fr\/?page_id=21765\" data-title=\"Budapest 2016\"><img decoding=\"async\" class=\"wonderplugin-gridgallery-item-img\" alt=\"Budapest 2016\" src=\"https:\/\/4mandous.fr\/wp-content\/uploads\/2017\/10\/Budapest-2016-300x225.jpg\" \/><\/a><\/div><\/div><div style=\"clear:both;\"><\/div><\/div><div style=\"clear:both;\"><\/div><div class=\"wonderplugin-gridgallery-engine\"><a href=\"http:\/\/www.wonderplugin.com\/wordpress-gridgallery\/\" title=\"WordPress Portfolio\">WordPress Portfolio<\/a><\/div><\/div><script>jQuery(document).ready(function(){setTimeout(function(){jQuery(window).trigger(\"resize\");},500);});<\/script><script>function wpgridgallery_23_appendcss(csscode) {var head=document.head || document.getElementsByTagName(\"head\")[0];var style=document.createElement(\"style\");head.appendChild(style);style.type=\"text\/css\";if (style.styleSheet){style.styleSheet.cssText=csscode;} else {style.appendChild(document.createTextNode(csscode));}};wpgridgallery_23_appendcss(\"@import url(https:\/\/fonts.googleapis.com\/css?family=Open+Sans);  #wonderplugingridgallery-23 .wonderplugin-gridgallery-item-text {     background-color: rgba(51, 51, 51, 0.5);     color: #fff;     text-align: center;     font: 14px \\\"open sans\\\", Arial, Helvetica, sans-serif;     padding: 8px 0px;     position: absolute;     left: 0px;     bottom: 0px;     width: 100%;     box-sizing: border-box;     -webkit-box-sizing: border-box;     -moz-box-sizing: border-box; }  #wonderplugingridgallery-23 .wonderplugin-gridgallery-item-title {     font-size: 14px; }  #wonderplugingridgallery-23 .wonderplugin-gridgallery-item-description {     font-size: 12px; }  #wonderplugingridgallery-23 .wonderplugin-gridgallery-item-button { }  #wonderplugingridgallery-23 .wonderplugin-gridgallery-item-caption {     font: 14px \\\"open sans\\\", Arial, Helvetica, sans-serif;     text-align: center;    color: #333; }  #wonderplugingridgallery-23 .wonderplugin-gridgallery-item-caption-title {     font-size: 14px; }  #wonderplugingridgallery-23 .wonderplugin-gridgallery-item-caption-description {     font-size: 12px; }  .wpgridgallery-socialmedia-button { \tdisplay: inline-block; \tmargin: 4px; }  .wpgridgallery-socialmedia-button a { \tbox-shadow: none; }  .wpgridgallery-socialmedia-icon { \tdisplay:table-cell; \twidth:32px; \theight:32px; \tfont-size:18px; \tborder-radius:50%; \tcolor:#fff; \tvertical-align:middle; \ttext-align:center; \tcursor:pointer; \tpadding:0; }  .wpgridgallery-socialmedia-rotate { \ttransition: transform .4s ease-in;  }   .wpgridgallery-socialmedia-rotate:hover {  \ttransform: rotate(360deg);  }\");wpgridgallery_23_appendcss(\"#wonderplugingridgallery-23 .wpp-category-greybutton .wonderplugin-gridgallery-tag { \tborder: none; \tbackground: #666; \tcolor: #fff;   \tpadding: 6px 12px; \tfont-size: 12px; \tfont-weight: normal; \t   \tfont-family: \\\"Lucida Sans Unicode\\\",\\\"Lucida Grande\\\",sans-serif,Arial;   \tbox-sizing: border-box;    \tcursor: pointer;   \ttext-align: center;   \ttext-decoration: none;   \ttext-shadow: none;   \ttext-transform: none;   \twhite-space: nowrap;   \t-webkit-font-smoothing: antialiased;   \tborder-radius: 2px;   \ttransition: background-color 0.3s ease; }  #wonderplugingridgallery-23 .wpp-category-greybutton .wonderplugin-gridgallery-tag:hover, #wonderplugingridgallery-23 .wpp-category-greybutton .wonderplugin-gridgallery-tag:focus { \tborder: none; \tbackground: #999; \tcolor: #fff; }  #wonderplugingridgallery-23 .wpp-category-greybutton .wonderplugin-gridgallery-tag-selected, #wonderplugingridgallery-23 .wpp-category-greybutton .wonderplugin-gridgallery-tag-selected:hover, #wonderplugingridgallery-23 .wpp-category-greybutton .wonderplugin-gridgallery-tag-selected:focus { \tborder: none; \tbackground: #f3b200; \tcolor: #fff; }\");<\/script><\/p>\n<p>&nbsp;<\/p>\n<p>&nbsp;<\/p>\n<p>&nbsp;<\/p>\n<p>&nbsp;<\/p>\n<p>&nbsp;<\/p>\n<p>&nbsp;<\/p>\n<p>&nbsp;<\/p>\n<p>&nbsp;<\/p>\n<p>&nbsp;<\/p>\n<p>&nbsp;<\/p>\n","protected":false},"excerpt":{"rendered":"<p>Visite du ch\u00e2teau royal de Prague, symbole du glorieux pass\u00e9 du peuple tch\u00e8que et si\u00e8ge de l\u2019actuel pr\u00e9sident de la R\u00e9publique Tch\u00e8que. Visite de la cath\u00e9drale Saint-Guy situ\u00e9e au c\u0153ur du ch\u00e2teau, puis par l\u2019\u00e9glise Saint-Georges. Visite du quartier pittoresque de Mala Strana, riche de ses anciens palais et de la c\u00e9l\u00e8bre \u00e9glise Saint-Nicolas. Charme&#8230;<\/p>\n<div class=\" [&hellip;]\"><a href=\"https:\/\/4mandous.fr\/?page_id=21773\">Afficher plus <i class=\"os-icon os-icon-angle-right\"><\/i><\/a><\/div>\n","protected":false},"author":1,"featured_media":0,"parent":64831,"menu_order":2,"comment_status":"closed","ping_status":"closed","template":"page-full-height.php","meta":{"footnotes":""},"categories":[],"tags":[],"class_list":["post-21773","page","type-page","status-publish","hentry"],"_links":{"self":[{"href":"https:\/\/4mandous.fr\/index.php?rest_route=\/wp\/v2\/pages\/21773","targetHints":{"allow":["GET"]}}],"collection":[{"href":"https:\/\/4mandous.fr\/index.php?rest_route=\/wp\/v2\/pages"}],"about":[{"href":"https:\/\/4mandous.fr\/index.php?rest_route=\/wp\/v2\/types\/page"}],"author":[{"embeddable":true,"href":"https:\/\/4mandous.fr\/index.php?rest_route=\/wp\/v2\/users\/1"}],"replies":[{"embeddable":true,"href":"https:\/\/4mandous.fr\/index.php?rest_route=%2Fwp%2Fv2%2Fcomments&post=21773"}],"version-history":[{"count":0,"href":"https:\/\/4mandous.fr\/index.php?rest_route=\/wp\/v2\/pages\/21773\/revisions"}],"up":[{"embeddable":true,"href":"https:\/\/4mandous.fr\/index.php?rest_route=\/wp\/v2\/pages\/64831"}],"wp:attachment":[{"href":"https:\/\/4mandous.fr\/index.php?rest_route=%2Fwp%2Fv2%2Fmedia&parent=21773"}],"wp:term":[{"taxonomy":"category","embeddable":true,"href":"https:\/\/4mandous.fr\/index.php?rest_route=%2Fwp%2Fv2%2Fcategories&post=21773"},{"taxonomy":"post_tag","embeddable":true,"href":"https:\/\/4mandous.fr\/index.php?rest_route=%2Fwp%2Fv2%2Ftags&post=21773"}],"curies":[{"name":"wp","href":"https:\/\/api.w.org\/{rel}","templated":true}]}}