{"id":59567,"date":"2018-03-06T11:25:30","date_gmt":"2018-03-06T10:25:30","guid":{"rendered":"https:\/\/4mandous.fr\/?page_id=59567"},"modified":"2019-01-10T21:55:02","modified_gmt":"2019-01-10T20:55:02","slug":"temple-de-kailasanatha-ellora","status":"publish","type":"page","link":"https:\/\/4mandous.fr\/?page_id=59567","title":{"rendered":"Temple de Kail\u00e2san\u00e2tha"},"content":{"rendered":"<p><strong>C&rsquo;est un ensemble de constructions sur plus de 2\u00a0km\u00b2 creus\u00e9s dans la paroi d&rsquo;une haute falaise en basalte. Il a \u00e9t\u00e9 construit par l&rsquo;excavation et le creusement de la falaise. C&rsquo;est un exemple significatif d&rsquo;architecture monolithe<sup id=\"cite_ref-1\" class=\"reference\"><\/sup>.\u00a0<\/strong><strong>Le temple rappelle le\u00a0Mont Kailash, demeure du dieu\u00a0Shiva. Il a \u00e9t\u00e9 construit au\u00a0viii<sup>e<\/sup> si\u00e8cle par le roi Krishna\u00a01<sup>er<\/sup>\u00a0de la dynastie\u00a0Rashtrakuta.\u00a0<\/strong><strong>C&rsquo;\u00e9tait \u00e0 l&rsquo;\u00e9poque o\u00f9 l&rsquo;Inde repassait peu \u00e0 peu du bouddhisme \u00e0 l&rsquo;hindouisme.<\/strong><\/p>\n<p><strong>Il a \u00e9t\u00e9 construit (ou plut\u00f4t excav\u00e9) par le creusement de la falaise \u00e0 partir de son sommet vers le bas, pour d\u00e9gager les cours, espaces libres, mais aussi les salles int\u00e9rieures. En conservant les piliers et les murs n\u00e9cessaires, ainsi que les sculptures et les d\u00e9corations souhait\u00e9es. C&rsquo;est probablement la plus grande construction monolithique du monde<sup id=\"cite_ref-Fodor_4-0\" class=\"reference\"><\/sup>.\u00a0<\/strong><strong>On estime qu&rsquo;environ 400.000 tonnes de roches ont \u00e9t\u00e9 d\u00e9gag\u00e9es sur une centaine d&rsquo;ann\u00e9es<sup id=\"cite_ref-Fodor_4-1\" class=\"reference\"><\/sup>\u00a0pour construire cette structure monolithique<sup id=\"cite_ref-templenet_5-0\" class=\"reference\"><\/sup>. L&rsquo;excavation mesure\u00a0<span class=\"nowrap\">84m<\/span>\u00a0de longueur, 47 de largeur et 33m de \u00abhauteur\u00bb. Le temple lui-m\u00eame est long de\u00a0<span class=\"nowrap\">45m<\/span>\u00a0et large de\u00a0<span class=\"nowrap\">30m<\/span><sup id=\"cite_ref-Fodor_4-2\" class=\"reference\"><\/sup>.<\/strong><\/p>\n<div id=\"wondergridgallerylightbox_options_52\" data-skinsfoldername=\"skins\/default\/\"  data-jsfolder=\"https:\/\/4mandous.fr\/wp-content\/plugins\/wonderplugin-gridgallery-trial\/engine\/\" style=\"display:none;\"><\/div>\r\n<div class=\"wonderplugingridgallery\" id=\"wonderplugingridgallery-52\" data-gridgalleryid=\"52\" data-width=\"200\" data-height=\"150\" data-skin=\"tiles\" data-style=\"roundcorner\" data-categorylist=\"[{&quot;slug&quot;:&quot;all&quot;,&quot;caption&quot;:&quot;Show All&quot;}]\" data-mediumgridsize=\"false\" data-smallgridsize=\"false\" data-applylinktotext=\"false\" data-fullwidth=\"false\" data-fullwidthsamegrid=\"false\" data-supportshortcode=\"false\" data-donotzoomin=\"false\" data-enabletabindex=\"false\" data-masonrymode=\"false\" data-random=\"false\" data-shownavigation=\"true\" data-shownavcontrol=\"true\" data-hidenavdefault=\"false\" data-nohoverontouchscreen=\"false\" data-hoverzoomin=\"true\" data-hoverzoominimageonly=\"true\" data-hoverzoominimagecenter=\"false\" data-hoverfade=\"false\" data-responsive=\"true\" data-mediumscreen=\"true\" data-smallscreen=\"true\" data-showtitle=\"true\" data-showtexttitle=\"true\" data-showtextdescription=\"false\" data-showtextbutton=\"false\" data-overlaylink=\"false\" data-donotaddtext=\"false\" data-lightboxnogroup=\"false\" data-lightboxcategorygroup=\"false\" data-justifymode=\"false\" data-donotjustifylastrowifoverlimit=\"false\" data-donotjustifyifonlyonerowandoverlimit=\"true\" data-limitjustifymaxheight=\"true\" data-usetemplatefortextoverlay=\"false\" data-usetemplateforgrid=\"false\" data-deferloading=\"false\" data-lightboxshowallcategories=\"false\" data-lightboxshowtitle=\"true\" data-lightboxshowdescription=\"false\" data-lightboxaddsocialmedia=\"false\" data-lightboxresponsive=\"true\" data-centerimage=\"true\" data-circularimage=\"false\" data-firstimage=\"false\" data-textinsidespace=\"false\" data-donotinit=\"false\" data-addinitscript=\"false\" data-lightboxshowsocial=\"false\" data-lightboxshowemail=\"false\" data-lightboxshowfacebook=\"true\" data-lightboxshowtwitter=\"true\" data-lightboxshowpinterest=\"true\" data-lightboxshowdownload=\"false\" data-lightboxsocialrotateeffect=\"true\" data-lightboxenablehtml5poster=\"false\" data-lightboxenableaudio=\"false\" data-lightboxaudioautoplay=\"true\" data-lightboxaudioloop=\"true\" data-lightboxaudioshowonhover=\"true\" data-categorymulticatand=\"false\" data-categoryshow=\"false\" data-categoryhideall=\"false\" data-categorymulticat=\"false\" data-categoryatleastone=\"false\" data-addvideoplaybutton=\"true\" data-lightboxfullscreenmode=\"false\" data-lightboxcloseonoverlay=\"true\" data-lightboxvideohidecontrols=\"false\" data-lightboxfullscreentextoutside=\"true\" data-lightboxfullscreenmodeonsmallscreen=\"false\" data-lightboxfullscreentextinside=\"false\" data-triggerresizeafterinit=\"false\" data-removeinlinecss=\"true\" data-lightboxresponsivebarheight=\"false\" data-lightboxnotkeepratioonsmallheight=\"false\" data-lazyloadimages=\"true\" data-triggerresize=\"true\" data-loadallremaining=\"false\" data-lightboxautoslide=\"false\" data-lightboxshowtimer=\"true\" data-lightboxshowplaybutton=\"true\" data-lightboxalwaysshownavarrows=\"false\" data-lightboxshowtitleprefix=\"true\" data-smallimgheightpercent=\"100\" data-mediumimgheightpercent=\"100\" data-imgheightpercent=\"100\" data-smallimgwidthpercent=\"100\" data-mediumimgwidthpercent=\"100\" data-imgwidthpercent=\"100\" data-mediumwidth=\"320\" data-mediumheight=\"240\" data-smallwidth=\"320\" data-smallheight=\"240\" data-thumbwidth=\"90\" data-thumbheight=\"60\" data-thumbtopmargin=\"12\" data-thumbbottommargin=\"4\" data-barheight=\"64\" data-titlebottomcss=\"color:#333; font-size:14px; font-family:Armata,sans-serif,Arial; overflow:hidden; text-align:left;\" data-descriptionbottomcss=\"color:#333; font-size:12px; font-family:Arial,Helvetica,sans-serif; overflow:hidden; text-align:left; margin:4px 0px 0px; padding: 0px;\" data-googleanalyticsaccount=\"\" data-gap=\"8\" data-margin=\"0\" data-borderradius=\"10\" data-justifymaxheight=\"1\" data-hoverzoominvalue=\"24\" data-hoverzoominduration=\"180\" data-hoverzoominimagescale=\"1.1\" data-hoverzoominimageduration=\"360\" data-hoverfadeopacity=\"0.8\" data-hoverfadeduration=\"300\" data-videoplaybutton=\"playvideo-64-64-0.png\" data-column=\"1\" data-mediumcolumn=\"1\" data-mediumscreensize=\"800\" data-smallcolumn=\"1\" data-smallscreensize=\"600\" data-titlemode=\"always\" data-titleeffect=\"slide\" data-titleeffectduration=\"300\" data-titleheight=\"0\" data-scalemode=\"fill\" data-lightboxbgcolor=\"#fff\" data-lightboxoverlaybgcolor=\"#000\" data-lightboxoverlayopacity=\"0.9\" data-navbgcolor=\"rgba(0,0,0,0.2)\" data-deferloadingdelay=\"0\" data-categoryposition=\"topleft\" data-categorystyle=\"wpp-category-greybutton\" data-categorydefault=\"all\" data-verticalcategorysmallscreenwidth=\"480\" data-triggerresizedelay=\"500\" data-triggerresizeafterinitdelay=\"500\" data-lightboxfullscreensmallscreenwidth=\"800\" data-lightboxbordertopmargin=\"48\" data-lightboxbordertopmarginsmall=\"36\" data-lightboxresizespeed=\"400\" data-lightboxfadespeed=\"0\" data-lightboxtransition=\"none\" data-lightboxtransitionduration=\"400\" data-lightboxaudiofile=\"\" data-lightboxsocialposition=\"position:absolute;top:100%;right:0;\" data-lightboxsocialpositionsmallscreen=\"position:absolute;top:100%;right:0;left:0;\" data-lightboxsocialdirection=\"horizontal\" data-lightboxsocialbuttonsize=\"32\" data-lightboxsocialbuttonfontsize=\"18\" data-lightboxtitlestyle=\"bottom\" data-lightboximagepercentage=\"75\" data-lightboxdefaultvideovolume=\"1\" data-lightboxtitleprefix=\"%NUM \/ %TOTAL\" data-lightboxtitleinsidecss=\"color:#fff; font-size:16px; font-family:Arial,Helvetica,sans-serif; overflow:hidden; text-align:left;\" data-lightboxdescriptioninsidecss=\"color:#fff; font-size:12px; font-family:Arial,Helvetica,sans-serif; overflow:hidden; text-align:left; margin:4px 0px 0px; padding: 0px;\" data-lightboxfullscreentitlebottomcss=\"color:#fff; font-size:16px; font-family:Arial,Helvetica,sans-serif; overflow:hidden; text-align:left; margin:4px 8px 8px;\" data-lightboxfullscreendescriptionbottomcss=\"color:#fff; font-size:12px; font-family:Arial,Helvetica,sans-serif; overflow:hidden; text-align:left; margin:4px 0px 0px; padding: 0px;\" data-lightboxsmallscreenheight=\"415\" data-lightboxbarheightonsmallheight=\"64\" data-lazyloadmode=\"none\" data-itemsperpage=\"12\" data-loadmorecaption=\"Load More\" data-loadmorecssstyle=\"wpp-loadmore-greybutton\" data-paginationcssstyle=\"wpp-pagination-greybutton\" data-paginationpos=\"bottom\" data-lightboxenteranimation=\"\" data-lightboxexitanimation=\"\" data-lightboxnavarrowspos=\"inside\" data-lightboxslideinterval=\"5000\" data-lightboxtimerposition=\"bottom\" data-lightboxtimercolor=\"#dc572e\" data-lightboxtimeropacity=\"1\" data-lightboxbordersize=\"8\" data-lightboxborderradius=\"0\" data-categoryregulardropdown=\"false\" data-jsfolder=\"https:\/\/4mandous.fr\/wp-content\/plugins\/wonderplugin-gridgallery-trial\/engine\/\" data-skinsfoldername=\"skins\/default\/\" style=\"display:none;position:relative;margin:0 auto;width:100%;max-width:200px;\" ><div class=\"wonderplugin-gridgallery-list\" style=\"display:block;position:relative;max-width:100%;margin:0 auto;\"><div class=\"wonderplugin-gridgallery-item\" data-row=\"1\" data-col=\"1\"><div class=\"wonderplugin-gridgallery-item-container\"><a href=\"https:\/\/4mandous.fr\/?page_id=71859\" data-title=\"Bombay\"><img decoding=\"async\" class=\"wonderplugin-gridgallery-item-img\" alt=\"Bombay\" src=\"https:\/\/4mandous.fr\/wp-content\/uploads\/2018\/03\/Bombay-640x-300x200.jpg\" \/><\/a><\/div><\/div><div class=\"wonderplugin-gridgallery-item\" data-row=\"1\" data-col=\"1\"><div class=\"wonderplugin-gridgallery-item-container\"><a href=\"https:\/\/4mandous.fr\/?page_id=59477\" data-title=\"Aurangabad\"><img decoding=\"async\" class=\"wonderplugin-gridgallery-item-img\" alt=\"Aurangabad\" src=\"https:\/\/4mandous.fr\/wp-content\/uploads\/2018\/03\/Aurangabad-640x-300x200.jpg\" \/><\/a><\/div><\/div><div class=\"wonderplugin-gridgallery-item\" data-row=\"1\" data-col=\"1\"><div class=\"wonderplugin-gridgallery-item-container\"><a href=\"https:\/\/4mandous.fr\/?page_id=59475\" data-title=\"Ajanta\"><img decoding=\"async\" class=\"wonderplugin-gridgallery-item-img\" alt=\"Ajanta\" src=\"https:\/\/4mandous.fr\/wp-content\/uploads\/2018\/03\/Ajanta-640x-300x200.jpg\" \/><\/a><\/div><\/div><div class=\"wonderplugin-gridgallery-item\" data-row=\"1\" data-col=\"1\"><div class=\"wonderplugin-gridgallery-item-container\"><a href=\"https:\/\/4mandous.fr\/?page_id=59487\" data-title=\"Ellora\"><img decoding=\"async\" class=\"wonderplugin-gridgallery-item-img\" alt=\"Ellora\" src=\"https:\/\/4mandous.fr\/wp-content\/uploads\/2018\/03\/Ellora-Site-640x-300x200.jpg\" \/><\/a><\/div><\/div><div class=\"wonderplugin-gridgallery-item\" data-row=\"1\" data-col=\"1\"><div class=\"wonderplugin-gridgallery-item-container\"><a href=\"https:\/\/4mandous.fr\/?page_id=59567\" data-title=\"Ellora -Temple de Kail\u00e2san\u00e2tha\"><img decoding=\"async\" class=\"wonderplugin-gridgallery-item-img\" alt=\"Ellora -Temple de Kail\u00e2san\u00e2tha\" src=\"https:\/\/4mandous.fr\/wp-content\/uploads\/2018\/03\/Temple-de-Kail\u00e2san\u00e2tha-Ellora-640x-300x200.jpg\" \/><\/a><\/div><\/div><div class=\"wonderplugin-gridgallery-item\" data-row=\"1\" data-col=\"1\"><div class=\"wonderplugin-gridgallery-item-container\"><a href=\"https:\/\/4mandous.fr\/?page_id=59483\" data-title=\"Bijapur\"><img decoding=\"async\" class=\"wonderplugin-gridgallery-item-img\" alt=\"Bijapur\" src=\"https:\/\/4mandous.fr\/wp-content\/uploads\/2018\/03\/Bijapur-640x-300x200.jpg\" \/><\/a><\/div><\/div><div class=\"wonderplugin-gridgallery-item\" data-row=\"1\" data-col=\"1\"><div class=\"wonderplugin-gridgallery-item-container\"><a href=\"https:\/\/4mandous.fr\/?page_id=59490\" data-title=\"Hampi\"><img decoding=\"async\" class=\"wonderplugin-gridgallery-item-img\" alt=\"Hampi\" src=\"https:\/\/4mandous.fr\/wp-content\/uploads\/2018\/03\/Hampi-640x-300x200.jpg\" \/><\/a><\/div><\/div><div class=\"wonderplugin-gridgallery-item\" data-row=\"1\" data-col=\"1\"><div class=\"wonderplugin-gridgallery-item-container\"><a href=\"https:\/\/4mandous.fr\/?page_id=59488\" data-title=\"Gokarna\"><img decoding=\"async\" class=\"wonderplugin-gridgallery-item-img\" alt=\"Gokarna\" src=\"https:\/\/4mandous.fr\/wp-content\/uploads\/2018\/03\/Gokarna-640x-300x200.jpg\" \/><\/a><\/div><\/div><div class=\"wonderplugin-gridgallery-item\" data-row=\"1\" data-col=\"1\"><div class=\"wonderplugin-gridgallery-item-container\"><a href=\"https:\/\/4mandous.fr\/?page_id=59481\" data-title=\"Belur\"><img decoding=\"async\" class=\"wonderplugin-gridgallery-item-img\" alt=\"Belur\" src=\"https:\/\/4mandous.fr\/wp-content\/uploads\/2018\/03\/Belur-640x-300x200.jpg\" \/><\/a><\/div><\/div><div class=\"wonderplugin-gridgallery-item\" data-row=\"1\" data-col=\"1\"><div class=\"wonderplugin-gridgallery-item-container\"><a href=\"https:\/\/4mandous.fr\/?page_id=59489\" data-title=\"Halebid\"><img decoding=\"async\" class=\"wonderplugin-gridgallery-item-img\" alt=\"Halebid\" src=\"https:\/\/4mandous.fr\/wp-content\/uploads\/2018\/03\/Halebid-640x-300x200.jpg\" \/><\/a><\/div><\/div><div class=\"wonderplugin-gridgallery-item\" data-row=\"1\" data-col=\"1\"><div class=\"wonderplugin-gridgallery-item-container\"><a href=\"https:\/\/4mandous.fr\/?page_id=59492\" data-title=\"Mysore\"><img decoding=\"async\" class=\"wonderplugin-gridgallery-item-img\" alt=\"Mysore\" src=\"https:\/\/4mandous.fr\/wp-content\/uploads\/2018\/03\/Mysore-640x-300x200.jpg\" \/><\/a><\/div><\/div><div class=\"wonderplugin-gridgallery-item\" data-row=\"1\" data-col=\"1\"><div class=\"wonderplugin-gridgallery-item-container\"><a href=\"https:\/\/4mandous.fr\/?page_id=59493\" data-title=\"Somnathpur\"><img decoding=\"async\" class=\"wonderplugin-gridgallery-item-img\" alt=\"Somnathpur\" src=\"https:\/\/4mandous.fr\/wp-content\/uploads\/2018\/03\/Somnathpur-640x-300x200.jpg\" \/><\/a><\/div><\/div><div class=\"wonderplugin-gridgallery-item\" data-row=\"1\" data-col=\"1\"><div class=\"wonderplugin-gridgallery-item-container\"><a href=\"https:\/\/4mandous.fr\/?page_id=59491\" data-title=\"Kollam\"><img decoding=\"async\" class=\"wonderplugin-gridgallery-item-img\" alt=\"Kollam\" src=\"https:\/\/4mandous.fr\/wp-content\/uploads\/2018\/03\/Kollam-640x-300x200.jpg\" \/><\/a><\/div><\/div><div class=\"wonderplugin-gridgallery-item\" data-row=\"1\" data-col=\"1\"><div class=\"wonderplugin-gridgallery-item-container\"><a href=\"https:\/\/4mandous.fr\/?page_id=59495\" data-title=\"Varkala\"><img decoding=\"async\" class=\"wonderplugin-gridgallery-item-img\" alt=\"Varkala\" src=\"https:\/\/4mandous.fr\/wp-content\/uploads\/2018\/03\/Varkala-640x-300x200.jpg\" \/><\/a><\/div><\/div><div class=\"wonderplugin-gridgallery-item\" data-row=\"1\" data-col=\"1\"><div class=\"wonderplugin-gridgallery-item-container\"><a href=\"https:\/\/4mandous.fr\/?page_id=59494\" data-title=\"Trivandrum\"><img decoding=\"async\" class=\"wonderplugin-gridgallery-item-img\" alt=\"Trivandrum\" src=\"https:\/\/4mandous.fr\/wp-content\/uploads\/2018\/03\/Trivandrum-640x-300x200.jpg\" \/><\/a><\/div><\/div><div class=\"wonderplugin-gridgallery-item\" data-row=\"1\" data-col=\"1\"><div class=\"wonderplugin-gridgallery-item-container\"><a href=\"https:\/\/4mandous.fr\/?page_id=62128\" data-title=\"Films\"><img decoding=\"async\" class=\"wonderplugin-gridgallery-item-img\" alt=\"Films\" src=\"https:\/\/4mandous.fr\/wp-content\/uploads\/2018\/04\/Marche-aux-fleurs-2-300x169.png\" \/><\/a><\/div><\/div><div style=\"clear:both;\"><\/div><\/div><div style=\"clear:both;\"><\/div><div class=\"wonderplugin-gridgallery-engine\"><a href=\"http:\/\/www.wonderplugin.com\/wordpress-gridgallery\/\" title=\"WordPress Portfolio\">WordPress Portfolio<\/a><\/div><\/div><script>jQuery(document).ready(function(){setTimeout(function(){jQuery(window).trigger(\"resize\");},500);});<\/script><script>function wpgridgallery_52_appendcss(csscode) {var head=document.head || document.getElementsByTagName(\"head\")[0];var style=document.createElement(\"style\");head.appendChild(style);style.type=\"text\/css\";if (style.styleSheet){style.styleSheet.cssText=csscode;} else {style.appendChild(document.createTextNode(csscode));}};wpgridgallery_52_appendcss(\"@import url(https:\/\/fonts.googleapis.com\/css?family=Open+Sans);  #wonderplugingridgallery-52 .wonderplugin-gridgallery-item-text {     background-color: rgba(51, 51, 51, 0.5);     color: #fff;     text-align: center;     font: 14px \\\"open sans\\\", Arial, Helvetica, sans-serif;     padding: 8px 0px;     position: absolute;     left: 0px;     bottom: 0px;     width: 100%;     box-sizing: border-box;     -webkit-box-sizing: border-box;     -moz-box-sizing: border-box; }  #wonderplugingridgallery-52 .wonderplugin-gridgallery-item-title {     font-size: 14px; }  #wonderplugingridgallery-52 .wonderplugin-gridgallery-item-description {     font-size: 12px; }  #wonderplugingridgallery-52 .wonderplugin-gridgallery-item-button { }  #wonderplugingridgallery-52 .wonderplugin-gridgallery-item-caption {     font: 14px \\\"open sans\\\", Arial, Helvetica, sans-serif;     text-align: center;    color: #333; }  #wonderplugingridgallery-52 .wonderplugin-gridgallery-item-caption-title {     font-size: 14px; }  #wonderplugingridgallery-52 .wonderplugin-gridgallery-item-caption-description {     font-size: 12px; }  .wpgridgallery-socialmedia-button { \tdisplay: inline-block; \tmargin: 4px; }  .wpgridgallery-socialmedia-button a { \tbox-shadow: none; }  .wpgridgallery-socialmedia-icon { \tdisplay:table-cell; \twidth:32px; \theight:32px; \tfont-size:18px; \tborder-radius:50%; \tcolor:#fff; \tvertical-align:middle; \ttext-align:center; \tcursor:pointer; \tpadding:0; }  .wpgridgallery-socialmedia-rotate { \ttransition: transform .4s ease-in;  }   .wpgridgallery-socialmedia-rotate:hover {  \ttransform: rotate(360deg);  }\");wpgridgallery_52_appendcss(\"#wonderplugingridgallery-52 .wpp-category-greybutton .wonderplugin-gridgallery-tag { \tborder: none; \tbackground: #666; \tcolor: #fff;   \tpadding: 6px 12px; \tfont-size: 12px; \tfont-weight: normal; \t   \tfont-family: \\\"Lucida Sans Unicode\\\",\\\"Lucida Grande\\\",sans-serif,Arial;   \tbox-sizing: border-box;    \tcursor: pointer;   \ttext-align: center;   \ttext-decoration: none;   \ttext-shadow: none;   \ttext-transform: none;   \twhite-space: nowrap;   \t-webkit-font-smoothing: antialiased;   \tborder-radius: 2px;   \ttransition: background-color 0.3s ease; }  #wonderplugingridgallery-52 .wpp-category-greybutton .wonderplugin-gridgallery-tag:hover, #wonderplugingridgallery-52 .wpp-category-greybutton .wonderplugin-gridgallery-tag:focus { \tborder: none; \tbackground: #999; \tcolor: #fff; }  #wonderplugingridgallery-52 .wpp-category-greybutton .wonderplugin-gridgallery-tag-selected, #wonderplugingridgallery-52 .wpp-category-greybutton .wonderplugin-gridgallery-tag-selected:hover, #wonderplugingridgallery-52 .wpp-category-greybutton .wonderplugin-gridgallery-tag-selected:focus { \tborder: none; \tbackground: #f3b200; \tcolor: #fff; }\");<\/script>\n","protected":false},"excerpt":{"rendered":"<p>C&rsquo;est un ensemble de constructions sur plus de 2\u00a0km\u00b2 creus\u00e9s dans la paroi d&rsquo;une haute falaise en basalte. Il a \u00e9t\u00e9 construit par l&rsquo;excavation et le creusement de la falaise. C&rsquo;est un exemple significatif d&rsquo;architecture monolithe.\u00a0Le temple rappelle le\u00a0Mont Kailash, demeure du dieu\u00a0Shiva. Il a \u00e9t\u00e9 construit au\u00a0viiie si\u00e8cle par le roi Krishna\u00a01er\u00a0de la dynastie\u00a0Rashtrakuta.\u00a0C&rsquo;\u00e9tait&#8230;<\/p>\n<div class=\" [&hellip;]\"><a href=\"https:\/\/4mandous.fr\/?page_id=59567\">Afficher plus <i class=\"os-icon os-icon-angle-right\"><\/i><\/a><\/div>\n","protected":false},"author":1,"featured_media":0,"parent":59487,"menu_order":0,"comment_status":"closed","ping_status":"closed","template":"page-full-height.php","meta":{"footnotes":""},"categories":[],"tags":[],"class_list":["post-59567","page","type-page","status-publish","hentry"],"_links":{"self":[{"href":"https:\/\/4mandous.fr\/index.php?rest_route=\/wp\/v2\/pages\/59567","targetHints":{"allow":["GET"]}}],"collection":[{"href":"https:\/\/4mandous.fr\/index.php?rest_route=\/wp\/v2\/pages"}],"about":[{"href":"https:\/\/4mandous.fr\/index.php?rest_route=\/wp\/v2\/types\/page"}],"author":[{"embeddable":true,"href":"https:\/\/4mandous.fr\/index.php?rest_route=\/wp\/v2\/users\/1"}],"replies":[{"embeddable":true,"href":"https:\/\/4mandous.fr\/index.php?rest_route=%2Fwp%2Fv2%2Fcomments&post=59567"}],"version-history":[{"count":0,"href":"https:\/\/4mandous.fr\/index.php?rest_route=\/wp\/v2\/pages\/59567\/revisions"}],"up":[{"embeddable":true,"href":"https:\/\/4mandous.fr\/index.php?rest_route=\/wp\/v2\/pages\/59487"}],"wp:attachment":[{"href":"https:\/\/4mandous.fr\/index.php?rest_route=%2Fwp%2Fv2%2Fmedia&parent=59567"}],"wp:term":[{"taxonomy":"category","embeddable":true,"href":"https:\/\/4mandous.fr\/index.php?rest_route=%2Fwp%2Fv2%2Fcategories&post=59567"},{"taxonomy":"post_tag","embeddable":true,"href":"https:\/\/4mandous.fr\/index.php?rest_route=%2Fwp%2Fv2%2Ftags&post=59567"}],"curies":[{"name":"wp","href":"https:\/\/api.w.org\/{rel}","templated":true}]}}