{"id":66343,"date":"2019-05-05T17:22:33","date_gmt":"2019-05-05T15:22:33","guid":{"rendered":"https:\/\/4mandous.fr\/?page_id=66343"},"modified":"2019-05-13T18:28:46","modified_gmt":"2019-05-13T16:28:46","slug":"qirq-quiz-saroyi","status":"publish","type":"page","link":"https:\/\/4mandous.fr\/?page_id=66343","title":{"rendered":"qirq quiz saroyi"},"content":{"rendered":"<p><strong>La vaste fa\u00e7ade de terre et ses murs de 2,5 m d\u2019\u00e9paisseur ont donn\u00e9 lieu \u00e0 l\u2019une des plus belles l\u00e9gendes de Termez. Dans les 40 pi\u00e8ces r\u00e9parties sur les deux \u00e9tages de ce b\u00e2timent furent assassin\u00e9es par les troupes de Gengis Kh\u0101n les 40 femmes du khan de Termez qui r\u00e9sist\u00e8rent glorieusement \u00e0 l\u2019envahisseur lorsque celui-ci s\u2019en prit aux enfants. En r\u00e9alit\u00e9, selon les arch\u00e9ologues, il s\u2019agirait simplement d\u2019un b\u00e2timent construit par les riches afin qu\u2019ils puissent s\u2019y r\u00e9fugier lors des fortes temp\u00eates de sable, fr\u00e9quentes dans la r\u00e9gion. Le b\u00e2timent \u00e9tait \u00e0 l\u2019origine enti\u00e8rement ferm\u00e9 par le toit.<br \/>\nDe fines fen\u00eatres s\u2019ouvraient aux deux \u00e9tages et, r\u00e9sultat d\u2019un savant calcul, les rayons du soleil parvenaient jusqu\u2019au centre du b\u00e2timent \u00e0 certaines heures de la journ\u00e9e.<\/strong><br \/>\n<div id=\"wondergridgallerylightbox_options_92\" data-skinsfoldername=\"skins\/default\/\"  data-jsfolder=\"https:\/\/4mandous.fr\/wp-content\/plugins\/wonderplugin-gridgallery-trial\/engine\/\" style=\"display:none;\"><\/div>\r\n<div class=\"wonderplugingridgallery\" id=\"wonderplugingridgallery-92\" data-gridgalleryid=\"92\" data-width=\"200\" data-height=\"150\" data-skin=\"tiles\" data-style=\"roundcorner\" data-categorylist=\"[{&quot;slug&quot;:&quot;all&quot;,&quot;caption&quot;:&quot;Show All&quot;}]\" data-mediumgridsize=\"false\" data-smallgridsize=\"false\" data-applylinktotext=\"false\" data-fullwidth=\"false\" data-fullwidthsamegrid=\"false\" data-supportshortcode=\"false\" data-donotzoomin=\"false\" data-enabletabindex=\"false\" data-masonrymode=\"false\" data-random=\"false\" data-shownavigation=\"true\" data-shownavcontrol=\"true\" data-hidenavdefault=\"false\" data-nohoverontouchscreen=\"false\" data-hoverzoomin=\"true\" data-hoverzoominimageonly=\"true\" data-hoverzoominimagecenter=\"false\" data-hoverfade=\"false\" data-responsive=\"true\" data-mediumscreen=\"true\" data-smallscreen=\"true\" data-showtitle=\"true\" data-showtexttitle=\"true\" data-showtextdescription=\"false\" data-showtextbutton=\"false\" data-overlaylink=\"false\" data-donotaddtext=\"false\" data-lightboxnogroup=\"false\" data-lightboxcategorygroup=\"false\" data-justifymode=\"false\" data-donotjustifylastrowifoverlimit=\"false\" data-donotjustifyifonlyonerowandoverlimit=\"true\" data-limitjustifymaxheight=\"true\" data-usetemplatefortextoverlay=\"false\" data-usetemplateforgrid=\"false\" data-deferloading=\"false\" data-lightboxshowallcategories=\"false\" data-lightboxshowtitle=\"true\" data-lightboxshowdescription=\"false\" data-lightboxaddsocialmedia=\"false\" data-lightboxresponsive=\"true\" data-centerimage=\"true\" data-circularimage=\"false\" data-firstimage=\"false\" data-textinsidespace=\"false\" data-donotinit=\"false\" data-addinitscript=\"false\" data-lightboxshowsocial=\"false\" data-lightboxshowemail=\"false\" data-lightboxshowfacebook=\"true\" data-lightboxshowtwitter=\"true\" data-lightboxshowpinterest=\"true\" data-lightboxshowdownload=\"false\" data-lightboxsocialrotateeffect=\"true\" data-lightboxenablehtml5poster=\"false\" data-lightboxenableaudio=\"false\" data-lightboxaudioautoplay=\"true\" data-lightboxaudioloop=\"true\" data-lightboxaudioshowonhover=\"true\" data-categorymulticatand=\"false\" data-categoryshow=\"false\" data-categoryhideall=\"false\" data-categorymulticat=\"false\" data-categoryatleastone=\"false\" data-addvideoplaybutton=\"true\" data-lightboxfullscreenmode=\"false\" data-lightboxcloseonoverlay=\"true\" data-lightboxvideohidecontrols=\"false\" data-lightboxfullscreentextoutside=\"true\" data-lightboxfullscreenmodeonsmallscreen=\"false\" data-lightboxfullscreentextinside=\"false\" data-triggerresizeafterinit=\"false\" data-removeinlinecss=\"true\" data-lightboxresponsivebarheight=\"false\" data-lightboxnotkeepratioonsmallheight=\"false\" data-lazyloadimages=\"true\" data-triggerresize=\"true\" data-loadallremaining=\"false\" data-lightboxautoslide=\"false\" data-lightboxshowtimer=\"true\" data-lightboxshowplaybutton=\"true\" data-lightboxalwaysshownavarrows=\"false\" data-lightboxshowtitleprefix=\"true\" data-smallimgheightpercent=\"100\" data-mediumimgheightpercent=\"100\" data-imgheightpercent=\"100\" data-smallimgwidthpercent=\"100\" data-mediumimgwidthpercent=\"100\" data-imgwidthpercent=\"100\" data-mediumwidth=\"320\" data-mediumheight=\"240\" data-smallwidth=\"320\" data-smallheight=\"240\" data-thumbwidth=\"90\" data-thumbheight=\"60\" data-thumbtopmargin=\"12\" data-thumbbottommargin=\"4\" data-barheight=\"64\" data-titlebottomcss=\"color:#333; font-size:14px; font-family:Armata,sans-serif,Arial; overflow:hidden; text-align:left;\" data-descriptionbottomcss=\"color:#333; font-size:12px; font-family:Arial,Helvetica,sans-serif; overflow:hidden; text-align:left; margin:4px 0px 0px; padding: 0px;\" data-googleanalyticsaccount=\"\" data-gap=\"8\" data-margin=\"0\" data-borderradius=\"4\" data-justifymaxheight=\"1\" data-hoverzoominvalue=\"24\" data-hoverzoominduration=\"180\" data-hoverzoominimagescale=\"1.1\" data-hoverzoominimageduration=\"360\" data-hoverfadeopacity=\"0.8\" data-hoverfadeduration=\"300\" data-videoplaybutton=\"playvideo-64-64-0.png\" data-column=\"1\" data-mediumcolumn=\"1\" data-mediumscreensize=\"800\" data-smallcolumn=\"1\" data-smallscreensize=\"600\" data-titlemode=\"always\" data-titleeffect=\"slide\" data-titleeffectduration=\"300\" data-titleheight=\"0\" data-scalemode=\"fill\" data-lightboxbgcolor=\"#fff\" data-lightboxoverlaybgcolor=\"#000\" data-lightboxoverlayopacity=\"0.9\" data-navbgcolor=\"rgba(0,0,0,0.2)\" data-deferloadingdelay=\"0\" data-categoryposition=\"topleft\" data-categorystyle=\"wpp-category-greybutton\" data-categorydefault=\"all\" data-verticalcategorysmallscreenwidth=\"480\" data-triggerresizedelay=\"500\" data-triggerresizeafterinitdelay=\"500\" data-lightboxfullscreensmallscreenwidth=\"800\" data-lightboxbordertopmargin=\"48\" data-lightboxbordertopmarginsmall=\"36\" data-lightboxresizespeed=\"400\" data-lightboxfadespeed=\"0\" data-lightboxtransition=\"none\" data-lightboxtransitionduration=\"400\" data-lightboxaudiofile=\"\" data-lightboxsocialposition=\"position:absolute;top:100%;right:0;\" data-lightboxsocialpositionsmallscreen=\"position:absolute;top:100%;right:0;left:0;\" data-lightboxsocialdirection=\"horizontal\" data-lightboxsocialbuttonsize=\"32\" data-lightboxsocialbuttonfontsize=\"18\" data-lightboxtitlestyle=\"bottom\" data-lightboximagepercentage=\"75\" data-lightboxdefaultvideovolume=\"1\" data-lightboxtitleprefix=\"%NUM \/ %TOTAL\" data-lightboxtitleinsidecss=\"color:#fff; font-size:16px; font-family:Arial,Helvetica,sans-serif; overflow:hidden; text-align:left;\" data-lightboxdescriptioninsidecss=\"color:#fff; font-size:12px; font-family:Arial,Helvetica,sans-serif; overflow:hidden; text-align:left; margin:4px 0px 0px; padding: 0px;\" data-lightboxfullscreentitlebottomcss=\"color:#fff; font-size:16px; font-family:Arial,Helvetica,sans-serif; overflow:hidden; text-align:left; margin:4px 8px 8px;\" data-lightboxfullscreendescriptionbottomcss=\"color:#fff; font-size:12px; font-family:Arial,Helvetica,sans-serif; overflow:hidden; text-align:left; margin:4px 0px 0px; padding: 0px;\" data-lightboxsmallscreenheight=\"415\" data-lightboxbarheightonsmallheight=\"64\" data-lazyloadmode=\"none\" data-itemsperpage=\"12\" data-loadmorecaption=\"Load More\" data-loadmorecssstyle=\"wpp-loadmore-greybutton\" data-paginationcssstyle=\"wpp-pagination-greybutton\" data-paginationpos=\"bottom\" data-lightboxenteranimation=\"\" data-lightboxexitanimation=\"\" data-lightboxnavarrowspos=\"inside\" data-lightboxslideinterval=\"5000\" data-lightboxtimerposition=\"bottom\" data-lightboxtimercolor=\"#dc572e\" data-lightboxtimeropacity=\"1\" data-lightboxbordersize=\"8\" data-lightboxborderradius=\"0\" data-categoryregulardropdown=\"false\" data-jsfolder=\"https:\/\/4mandous.fr\/wp-content\/plugins\/wonderplugin-gridgallery-trial\/engine\/\" data-skinsfoldername=\"skins\/default\/\" style=\"display:none;position:relative;margin:0 auto;width:100%;max-width:200px;\" ><div class=\"wonderplugin-gridgallery-list\" style=\"display:block;position:relative;max-width:100%;margin:0 auto;\"><div class=\"wonderplugin-gridgallery-item\" data-row=\"1\" data-col=\"1\"><div class=\"wonderplugin-gridgallery-item-container\"><a href=\"https:\/\/4mandous.fr\/?page_id=65000\" data-title=\"Retour Ouzbekistan 2019\"><img decoding=\"async\" class=\"wonderplugin-gridgallery-item-img\" alt=\"Retour Ouzbekistan 2019\" src=\"https:\/\/4mandous.fr\/wp-content\/uploads\/2019\/05\/Ouzbekistan-2019-300x225.jpg\" \/><\/a><\/div><\/div><div class=\"wonderplugin-gridgallery-item\" data-row=\"1\" data-col=\"1\"><div class=\"wonderplugin-gridgallery-item-container\"><a href=\"https:\/\/4mandous.fr\/?page_id=66345\" data-title=\"Sultan Saodat\"><img decoding=\"async\" class=\"wonderplugin-gridgallery-item-img\" alt=\"Sultan Saodat\" src=\"https:\/\/4mandous.fr\/wp-content\/uploads\/2019\/05\/Sultan-Saodat-300x225.jpg\" \/><\/a><\/div><\/div><div class=\"wonderplugin-gridgallery-item\" data-row=\"1\" data-col=\"1\"><div class=\"wonderplugin-gridgallery-item-container\"><a href=\"https:\/\/4mandous.fr\/?page_id=66344\" data-title=\"Stupa de Zurmala\"><img decoding=\"async\" class=\"wonderplugin-gridgallery-item-img\" alt=\"Stupa de Zurmala\" src=\"https:\/\/4mandous.fr\/wp-content\/uploads\/2019\/05\/Stupa-de-Zurmala-300x225.jpg\" \/><\/a><\/div><\/div><div class=\"wonderplugin-gridgallery-item\" data-row=\"1\" data-col=\"1\"><div class=\"wonderplugin-gridgallery-item-container\"><a href=\"https:\/\/4mandous.fr\/?page_id=66343\" data-title=\"Qirq quiz saroyi\"><img decoding=\"async\" class=\"wonderplugin-gridgallery-item-img\" alt=\"Qirq quiz saroyi\" src=\"https:\/\/4mandous.fr\/wp-content\/uploads\/2019\/05\/Qirq-quiz-saroyi-300x225.jpg\" \/><\/a><\/div><\/div><div class=\"wonderplugin-gridgallery-item\" data-row=\"1\" data-col=\"1\"><div class=\"wonderplugin-gridgallery-item-container\"><a href=\"https:\/\/4mandous.fr\/?page_id=66342\" data-title=\"Kampir Tepe\"><img decoding=\"async\" class=\"wonderplugin-gridgallery-item-img\" alt=\"Kampir Tepe\" src=\"https:\/\/4mandous.fr\/wp-content\/uploads\/2019\/05\/Kampir-Tepe-300x225.jpg\" \/><\/a><\/div><\/div><div class=\"wonderplugin-gridgallery-item\" data-row=\"1\" data-col=\"1\"><div class=\"wonderplugin-gridgallery-item-container\"><a href=\"https:\/\/4mandous.fr\/?page_id=66341\" data-title=\"Fayaz Tepa\"><img decoding=\"async\" class=\"wonderplugin-gridgallery-item-img\" alt=\"Fayaz Tepa\" src=\"https:\/\/4mandous.fr\/wp-content\/uploads\/2019\/05\/Fayaz-Tepa-300x225.jpg\" \/><\/a><\/div><\/div><div class=\"wonderplugin-gridgallery-item\" data-row=\"1\" data-col=\"1\"><div class=\"wonderplugin-gridgallery-item-container\"><a href=\"https:\/\/4mandous.fr\/?page_id=66339\" data-title=\"Divers\"><img decoding=\"async\" class=\"wonderplugin-gridgallery-item-img\" alt=\"Divers\" src=\"https:\/\/4mandous.fr\/wp-content\/uploads\/2019\/05\/Divers-3-300x225.jpg\" \/><\/a><\/div><\/div><div style=\"clear:both;\"><\/div><\/div><div style=\"clear:both;\"><\/div><div class=\"wonderplugin-gridgallery-engine\"><a href=\"http:\/\/www.wonderplugin.com\/wordpress-gridgallery\/\" title=\"WordPress Portfolio\">WordPress Portfolio<\/a><\/div><\/div><script>jQuery(document).ready(function(){setTimeout(function(){jQuery(window).trigger(\"resize\");},500);});<\/script><script>function wpgridgallery_92_appendcss(csscode) {var head=document.head || document.getElementsByTagName(\"head\")[0];var style=document.createElement(\"style\");head.appendChild(style);style.type=\"text\/css\";if (style.styleSheet){style.styleSheet.cssText=csscode;} else {style.appendChild(document.createTextNode(csscode));}};wpgridgallery_92_appendcss(\"@import url(https:\/\/fonts.googleapis.com\/css?family=Open+Sans);  #wonderplugingridgallery-92 .wonderplugin-gridgallery-item-text {     background-color: rgba(51, 51, 51, 0.5);     color: #fff;     text-align: center;     font: 14px \\\"open sans\\\", Arial, Helvetica, sans-serif;     padding: 8px 0px;     position: absolute;     left: 0px;     bottom: 0px;     width: 100%;     box-sizing: border-box;     -webkit-box-sizing: border-box;     -moz-box-sizing: border-box; }  #wonderplugingridgallery-92 .wonderplugin-gridgallery-item-title {     font-size: 14px; }  #wonderplugingridgallery-92 .wonderplugin-gridgallery-item-description {     font-size: 12px; }  #wonderplugingridgallery-92 .wonderplugin-gridgallery-item-button { }  #wonderplugingridgallery-92 .wonderplugin-gridgallery-item-caption {     font: 14px \\\"open sans\\\", Arial, Helvetica, sans-serif;     text-align: center;    color: #333; }  #wonderplugingridgallery-92 .wonderplugin-gridgallery-item-caption-title {     font-size: 14px; }  #wonderplugingridgallery-92 .wonderplugin-gridgallery-item-caption-description {     font-size: 12px; }  .wpgridgallery-socialmedia-button { \tdisplay: inline-block; \tmargin: 4px; }  .wpgridgallery-socialmedia-button a { \tbox-shadow: none; }  .wpgridgallery-socialmedia-icon { \tdisplay:table-cell; \twidth:32px; \theight:32px; \tfont-size:18px; \tborder-radius:50%; \tcolor:#fff; \tvertical-align:middle; \ttext-align:center; \tcursor:pointer; \tpadding:0; }  .wpgridgallery-socialmedia-rotate { \ttransition: transform .4s ease-in;  }   .wpgridgallery-socialmedia-rotate:hover {  \ttransform: rotate(360deg);  }\");wpgridgallery_92_appendcss(\"#wonderplugingridgallery-92 .wpp-category-greybutton .wonderplugin-gridgallery-tag { \tborder: none; \tbackground: #666; \tcolor: #fff;   \tpadding: 6px 12px; \tfont-size: 12px; \tfont-weight: normal; \t   \tfont-family: \\\"Lucida Sans Unicode\\\",\\\"Lucida Grande\\\",sans-serif,Arial;   \tbox-sizing: border-box;    \tcursor: pointer;   \ttext-align: center;   \ttext-decoration: none;   \ttext-shadow: none;   \ttext-transform: none;   \twhite-space: nowrap;   \t-webkit-font-smoothing: antialiased;   \tborder-radius: 2px;   \ttransition: background-color 0.3s ease; }  #wonderplugingridgallery-92 .wpp-category-greybutton .wonderplugin-gridgallery-tag:hover, #wonderplugingridgallery-92 .wpp-category-greybutton .wonderplugin-gridgallery-tag:focus { \tborder: none; \tbackground: #999; \tcolor: #fff; }  #wonderplugingridgallery-92 .wpp-category-greybutton .wonderplugin-gridgallery-tag-selected, #wonderplugingridgallery-92 .wpp-category-greybutton .wonderplugin-gridgallery-tag-selected:hover, #wonderplugingridgallery-92 .wpp-category-greybutton .wonderplugin-gridgallery-tag-selected:focus { \tborder: none; \tbackground: #f3b200; \tcolor: #fff; }\");<\/script><\/p>\n","protected":false},"excerpt":{"rendered":"<p>La vaste fa\u00e7ade de terre et ses murs de 2,5 m d\u2019\u00e9paisseur ont donn\u00e9 lieu \u00e0 l\u2019une des plus belles l\u00e9gendes de Termez. Dans les 40 pi\u00e8ces r\u00e9parties sur les deux \u00e9tages de ce b\u00e2timent furent assassin\u00e9es par les troupes de Gengis Kh\u0101n les 40 femmes du khan de Termez qui r\u00e9sist\u00e8rent glorieusement \u00e0 l\u2019envahisseur&#8230;<\/p>\n<div class=\" [&hellip;]\"><a href=\"https:\/\/4mandous.fr\/?page_id=66343\">Afficher plus <i class=\"os-icon os-icon-angle-right\"><\/i><\/a><\/div>\n","protected":false},"author":1,"featured_media":0,"parent":66260,"menu_order":3,"comment_status":"closed","ping_status":"closed","template":"page-full-height.php","meta":{"footnotes":""},"categories":[],"tags":[],"class_list":["post-66343","page","type-page","status-publish","hentry"],"_links":{"self":[{"href":"https:\/\/4mandous.fr\/index.php?rest_route=\/wp\/v2\/pages\/66343","targetHints":{"allow":["GET"]}}],"collection":[{"href":"https:\/\/4mandous.fr\/index.php?rest_route=\/wp\/v2\/pages"}],"about":[{"href":"https:\/\/4mandous.fr\/index.php?rest_route=\/wp\/v2\/types\/page"}],"author":[{"embeddable":true,"href":"https:\/\/4mandous.fr\/index.php?rest_route=\/wp\/v2\/users\/1"}],"replies":[{"embeddable":true,"href":"https:\/\/4mandous.fr\/index.php?rest_route=%2Fwp%2Fv2%2Fcomments&post=66343"}],"version-history":[{"count":0,"href":"https:\/\/4mandous.fr\/index.php?rest_route=\/wp\/v2\/pages\/66343\/revisions"}],"up":[{"embeddable":true,"href":"https:\/\/4mandous.fr\/index.php?rest_route=\/wp\/v2\/pages\/66260"}],"wp:attachment":[{"href":"https:\/\/4mandous.fr\/index.php?rest_route=%2Fwp%2Fv2%2Fmedia&parent=66343"}],"wp:term":[{"taxonomy":"category","embeddable":true,"href":"https:\/\/4mandous.fr\/index.php?rest_route=%2Fwp%2Fv2%2Fcategories&post=66343"},{"taxonomy":"post_tag","embeddable":true,"href":"https:\/\/4mandous.fr\/index.php?rest_route=%2Fwp%2Fv2%2Ftags&post=66343"}],"curies":[{"name":"wp","href":"https:\/\/api.w.org\/{rel}","templated":true}]}}