{"id":80009,"date":"2023-01-25T16:20:52","date_gmt":"2023-01-25T15:20:52","guid":{"rendered":"https:\/\/4mandous.fr\/?page_id=80009"},"modified":"2023-01-26T17:37:10","modified_gmt":"2023-01-26T16:37:10","slug":"machu-picchu","status":"publish","type":"page","link":"https:\/\/4mandous.fr\/?page_id=80009","title":{"rendered":"Machu Picchu"},"content":{"rendered":"<p><strong>Machu Picchu\u00a0 est une ancienne cit\u00e9 inca du <abbr class=\"abbr\" title=\"15\u1d49 si\u00e8cle\"><span class=\"romain\">XV<\/span><sup>e<\/sup><\/abbr>\u00a0si\u00e8cle au P\u00e9rou, perch\u00e9e sur un promontoire rocheux qui unit les monts <i>Machu Picchu<\/i> et <i>Huayna Picchu<\/i> sur le versant oriental des Andes centrales. Selon des documents du <abbr class=\"abbr\" title=\"16\u1d49 si\u00e8cle\"><span class=\"romain\">XVI<\/span><sup>e<\/sup><\/abbr>\u00a0si\u00e8cle, trouv\u00e9s par l&rsquo;arch\u00e9ologue am\u00e9ricain Hiram Bingham, professeur assistant d&rsquo;histoire de l&rsquo;Am\u00e9rique latine \u00e0 l\u2019universit\u00e9 Yale, Machu Picchu aurait d\u00fb \u00eatre une des r\u00e9sidences de l\u2019empereur Pachac\u00fatec. Cependant, quelques-unes des plus grandes constructions et le caract\u00e8re c\u00e9r\u00e9monial de la principale voie d\u2019acc\u00e8s au <i>llaqta<\/i> d\u00e9montreraient que le lieu fut utilis\u00e9 comme un sanctuaire religieux<sup id=\"cite_ref-3\" class=\"reference\"><\/sup>. Les deux usages ne s\u2019excluent pas forc\u00e9ment. En revanche, les experts ont \u00e9cart\u00e9 l\u2019id\u00e9e d\u2019un ouvrage militaire.<\/strong><\/p>\n<p><strong>Abandonn\u00e9e lors de l\u2019effondrement de l&rsquo;Empire inca et avant la fin de sa construction, Machu Picchu, la ville sacr\u00e9e oubli\u00e9e durant des si\u00e8cles, est consid\u00e9r\u00e9e comme une \u0153uvre ma\u00eetresse de l\u2019architecture inca. Elle fut d\u00e9voil\u00e9e par Bingham dans un ouvrage de r\u00e9f\u00e9rence \u00e0 ce sujet<sup id=\"cite_ref-5\" class=\"reference\"><\/sup>. Ses caract\u00e9ristiques architecturales et le voile de myst\u00e8re que la litt\u00e9rature a tiss\u00e9 sur le site en ont fait une des destinations touristiques les plus pris\u00e9es de la plan\u00e8te. Depuis 1983, le site est sur la liste du Patrimoine mondial de l&rsquo;UNESCO. Enfin le site fait partie de tout un ensemble culturel et naturel connu sous le nom de \u00ab\u00a0Sanctuaire historique de Machu Picchu\u00a0\u00bb.<\/strong><\/p>\n<div id=\"wondergridgallerylightbox_options_125\" data-skinsfoldername=\"skins\/default\/\"  data-jsfolder=\"https:\/\/4mandous.fr\/wp-content\/plugins\/wonderplugin-gridgallery-trial\/engine\/\" style=\"display:none;\"><\/div>\r\n<style>@import url(https:\/\/fonts.googleapis.com\/css?family=Open+Sans);  #wonderplugingridgallery-125 .wonderplugin-gridgallery-item-text {     background-color: rgba(51, 51, 51, 0.5);     color: #fff;     text-align: center;     font: 14px \"open sans\", Arial, Helvetica, sans-serif;     padding: 8px 0px;     position: absolute;     left: 0px;     bottom: 0px;     width: 100%;     box-sizing: border-box;     -webkit-box-sizing: border-box;     -moz-box-sizing: border-box; }  #wonderplugingridgallery-125 .wonderplugin-gridgallery-item-title {     font-size: 14px; }  #wonderplugingridgallery-125 .wonderplugin-gridgallery-item-description {     font-size: 12px; }  #wonderplugingridgallery-125 .wonderplugin-gridgallery-item-button { }  #wonderplugingridgallery-125 .wonderplugin-gridgallery-item-caption {     font: 14px \"open sans\", Arial, Helvetica, sans-serif;     text-align: center;    color: #333; }  #wonderplugingridgallery-125 .wonderplugin-gridgallery-item-caption-title {     font-size: 14px; }  #wonderplugingridgallery-125 .wonderplugin-gridgallery-item-caption-description {     font-size: 12px; }  .wpgridgallery-socialmedia-button { \tdisplay: inline-block; \tmargin: 4px; }  .wpgridgallery-socialmedia-button a { \tbox-shadow: none; }  .wpgridgallery-socialmedia-icon { \tdisplay:table-cell; \twidth:32px; \theight:32px; \tfont-size:18px; \tborder-radius:50%; \tcolor:#fff; \tvertical-align:middle; \ttext-align:center; \tcursor:pointer; \tpadding:0; }  .wpgridgallery-socialmedia-rotate { \ttransition: transform .4s ease-in;  }   .wpgridgallery-socialmedia-rotate:hover {  \ttransform: rotate(360deg);  }<\/style><style>#wonderplugingridgallery-125 .wpp-category-greybutton .wonderplugin-gridgallery-tag { \tborder: none; \tbackground: #666; \tcolor: #fff;   \tpadding: 6px 12px; \tfont-size: 12px; \tfont-weight: normal; \t   \tfont-family: \"Lucida Sans Unicode\",\"Lucida Grande\",sans-serif,Arial;   \tbox-sizing: border-box;    \tcursor: pointer;   \ttext-align: center;   \ttext-decoration: none;   \ttext-shadow: none;   \ttext-transform: none;   \twhite-space: nowrap;   \t-webkit-font-smoothing: antialiased;   \tborder-radius: 2px;   \ttransition: background-color 0.3s ease; }  #wonderplugingridgallery-125 .wpp-category-greybutton .wonderplugin-gridgallery-tag:hover, #wonderplugingridgallery-125 .wpp-category-greybutton .wonderplugin-gridgallery-tag:focus { \tborder: none; \tbackground: #999; \tcolor: #fff; }  #wonderplugingridgallery-125 .wpp-category-greybutton .wonderplugin-gridgallery-tag-selected, #wonderplugingridgallery-125 .wpp-category-greybutton .wonderplugin-gridgallery-tag-selected:hover, #wonderplugingridgallery-125 .wpp-category-greybutton .wonderplugin-gridgallery-tag-selected:focus { \tborder: none; \tbackground: #f3b200; \tcolor: #fff; }<\/style><div class=\"wonderplugingridgallery\" id=\"wonderplugingridgallery-125\" data-gridgalleryid=\"125\" data-width=\"200\" data-height=\"150\" data-skin=\"list\" data-style=\"roundcorner\" data-categorylist=\"[{&quot;slug&quot;:&quot;all&quot;,&quot;caption&quot;:&quot;Show All&quot;}]\" data-mediumgridsize=\"false\" data-smallgridsize=\"false\" data-applylinktotext=\"false\" data-fullwidth=\"false\" data-fullwidthsamegrid=\"false\" data-supportshortcode=\"false\" data-donotzoomin=\"false\" data-enabletabindex=\"false\" data-masonrymode=\"false\" data-random=\"false\" data-shownavigation=\"true\" data-shownavcontrol=\"true\" data-hidenavdefault=\"false\" data-nohoverontouchscreen=\"false\" data-hoverzoomin=\"true\" data-hoverzoominimageonly=\"true\" data-hoverzoominimagecenter=\"false\" data-hoverfade=\"false\" data-responsive=\"true\" data-mediumscreen=\"true\" data-smallscreen=\"true\" data-showtitle=\"true\" data-showtexttitle=\"true\" data-showtextdescription=\"false\" data-showtextbutton=\"false\" data-overlaylink=\"false\" data-donotaddtext=\"false\" data-lightboxnogroup=\"false\" data-lightboxcategorygroup=\"false\" data-justifymode=\"false\" data-donotjustifylastrowifoverlimit=\"false\" data-donotjustifyifonlyonerowandoverlimit=\"true\" data-limitjustifymaxheight=\"true\" data-usetemplatefortextoverlay=\"false\" data-usetemplateforgrid=\"false\" data-deferloading=\"false\" data-lightboxshowallcategories=\"false\" data-lightboxshowtitle=\"true\" data-lightboxshowdescription=\"false\" data-lightboxaddsocialmedia=\"false\" data-lightboxresponsive=\"true\" data-centerimage=\"true\" data-circularimage=\"false\" data-firstimage=\"false\" data-textinsidespace=\"false\" data-donotinit=\"false\" data-addinitscript=\"false\" data-lightboxshowsocial=\"false\" data-lightboxshowemail=\"false\" data-lightboxshowfacebook=\"true\" data-lightboxshowtwitter=\"true\" data-lightboxshowpinterest=\"true\" data-lightboxshowdownload=\"false\" data-lightboxsocialrotateeffect=\"true\" data-lightboxenablehtml5poster=\"false\" data-lightboxenableaudio=\"false\" data-lightboxaudioautoplay=\"true\" data-lightboxaudioloop=\"true\" data-lightboxaudioshowonhover=\"true\" data-categorymulticatand=\"false\" data-categoryshow=\"false\" data-categoryhideall=\"false\" data-categorymulticat=\"false\" data-categoryatleastone=\"false\" data-addvideoplaybutton=\"true\" data-lightboxfullscreenmode=\"false\" data-lightboxcloseonoverlay=\"true\" data-lightboxvideohidecontrols=\"false\" data-lightboxfullscreentextoutside=\"true\" data-lightboxfullscreenmodeonsmallscreen=\"false\" data-lightboxfullscreentextinside=\"false\" data-triggerresizeafterinit=\"false\" data-removeinlinecss=\"false\" data-lightboxresponsivebarheight=\"false\" data-lightboxnotkeepratioonsmallheight=\"false\" data-lazyloadimages=\"true\" data-triggerresize=\"true\" data-loadallremaining=\"false\" data-lightboxautoslide=\"false\" data-lightboxshowtimer=\"true\" data-lightboxshowplaybutton=\"true\" data-lightboxalwaysshownavarrows=\"false\" data-lightboxshowtitleprefix=\"true\" data-smallimgheightpercent=\"100\" data-mediumimgheightpercent=\"100\" data-imgheightpercent=\"100\" data-smallimgwidthpercent=\"100\" data-mediumimgwidthpercent=\"100\" data-imgwidthpercent=\"100\" data-mediumwidth=\"320\" data-mediumheight=\"240\" data-smallwidth=\"320\" data-smallheight=\"240\" data-thumbwidth=\"90\" data-thumbheight=\"60\" data-thumbtopmargin=\"12\" data-thumbbottommargin=\"4\" data-barheight=\"64\" data-titlebottomcss=\"color:#333; font-size:14px; font-family:Armata,sans-serif,Arial; overflow:hidden; text-align:left;\" data-descriptionbottomcss=\"color:#333; font-size:12px; font-family:Arial,Helvetica,sans-serif; overflow:hidden; text-align:left; margin:4px 0px 0px; padding: 0px;\" data-googleanalyticsaccount=\"\" data-gap=\"8\" data-margin=\"0\" data-borderradius=\"4\" data-justifymaxheight=\"1\" data-hoverzoominvalue=\"24\" data-hoverzoominduration=\"180\" data-hoverzoominimagescale=\"1.1\" data-hoverzoominimageduration=\"360\" data-hoverfadeopacity=\"0.8\" data-hoverfadeduration=\"300\" data-videoplaybutton=\"playvideo-64-64-0.png\" data-column=\"1\" data-mediumcolumn=\"1\" data-mediumscreensize=\"800\" data-smallcolumn=\"1\" data-smallscreensize=\"600\" data-titlemode=\"always\" data-titleeffect=\"slide\" data-titleeffectduration=\"300\" data-titleheight=\"0\" data-scalemode=\"fill\" data-lightboxbgcolor=\"#fff\" data-lightboxoverlaybgcolor=\"#000\" data-lightboxoverlayopacity=\"0.9\" data-navbgcolor=\"rgba(0,0,0,0.2)\" data-deferloadingdelay=\"0\" data-categoryposition=\"topleft\" data-categorystyle=\"wpp-category-greybutton\" data-categorydefault=\"all\" data-verticalcategorysmallscreenwidth=\"480\" data-triggerresizedelay=\"500\" data-triggerresizeafterinitdelay=\"500\" data-lightboxfullscreensmallscreenwidth=\"800\" data-lightboxbordertopmargin=\"48\" data-lightboxbordertopmarginsmall=\"36\" data-lightboxresizespeed=\"400\" data-lightboxfadespeed=\"0\" data-lightboxtransition=\"none\" data-lightboxtransitionduration=\"400\" data-lightboxaudiofile=\"\" data-lightboxsocialposition=\"position:absolute;top:100%;right:0;\" data-lightboxsocialpositionsmallscreen=\"position:absolute;top:100%;right:0;left:0;\" data-lightboxsocialdirection=\"horizontal\" data-lightboxsocialbuttonsize=\"32\" data-lightboxsocialbuttonfontsize=\"18\" data-lightboxtitlestyle=\"bottom\" data-lightboximagepercentage=\"75\" data-lightboxdefaultvideovolume=\"1\" data-lightboxtitleprefix=\"%NUM \/ %TOTAL\" data-lightboxtitleinsidecss=\"color:#fff; font-size:16px; font-family:Arial,Helvetica,sans-serif; overflow:hidden; text-align:left;\" data-lightboxdescriptioninsidecss=\"color:#fff; font-size:12px; font-family:Arial,Helvetica,sans-serif; overflow:hidden; text-align:left; margin:4px 0px 0px; padding: 0px;\" data-lightboxfullscreentitlebottomcss=\"color:#fff; font-size:16px; font-family:Arial,Helvetica,sans-serif; overflow:hidden; text-align:left; margin:4px 8px 8px;\" data-lightboxfullscreendescriptionbottomcss=\"color:#fff; font-size:12px; font-family:Arial,Helvetica,sans-serif; overflow:hidden; text-align:left; margin:4px 0px 0px; padding: 0px;\" data-lightboxsmallscreenheight=\"415\" data-lightboxbarheightonsmallheight=\"64\" data-lazyloadmode=\"none\" data-itemsperpage=\"12\" data-loadmorecaption=\"Load More\" data-loadmorecssstyle=\"wpp-loadmore-greybutton\" data-paginationcssstyle=\"wpp-pagination-greybutton\" data-paginationpos=\"bottom\" data-lightboxenteranimation=\"\" data-lightboxexitanimation=\"\" data-lightboxnavarrowspos=\"inside\" data-lightboxslideinterval=\"5000\" data-lightboxtimerposition=\"bottom\" data-lightboxtimercolor=\"#dc572e\" data-lightboxtimeropacity=\"1\" data-lightboxbordersize=\"8\" data-lightboxborderradius=\"0\" data-categoryregulardropdown=\"false\" data-jsfolder=\"https:\/\/4mandous.fr\/wp-content\/plugins\/wonderplugin-gridgallery-trial\/engine\/\" data-skinsfoldername=\"skins\/default\/\" style=\"display:none;position:relative;margin:0 auto;width:100%;max-width:200px;\" ><div class=\"wonderplugin-gridgallery-list\" style=\"display:block;position:relative;max-width:100%;margin:0 auto;\"><div class=\"wonderplugin-gridgallery-item\" data-row=\"1\" data-col=\"1\"><div class=\"wonderplugin-gridgallery-item-container\"><a href=\"https:\/\/4mandous.fr\/?page_id=78262\" data-title=\"Retour Perou\"><img decoding=\"async\" class=\"wonderplugin-gridgallery-item-img\" alt=\"Retour Perou\" src=\"https:\/\/4mandous.fr\/wp-content\/uploads\/2023\/01\/Perou-2022-300x225.jpg\" \/><\/a><\/div><\/div><div class=\"wonderplugin-gridgallery-item\" data-row=\"1\" data-col=\"1\"><div class=\"wonderplugin-gridgallery-item-container\"><a href=\"https:\/\/4mandous.fr\/?page_id=80026\" data-title=\"Part 1\"><img decoding=\"async\" class=\"wonderplugin-gridgallery-item-img\" alt=\"Part 1\" src=\"https:\/\/4mandous.fr\/wp-content\/uploads\/2023\/01\/Perou-2022-Machu-Picchu-Part-3-300x225.jpg\" \/><\/a><\/div><\/div><div class=\"wonderplugin-gridgallery-item\" data-row=\"1\" data-col=\"1\"><div class=\"wonderplugin-gridgallery-item-container\"><a href=\"https:\/\/4mandous.fr\/?page_id=80107\" data-title=\"Part 2\"><img decoding=\"async\" class=\"wonderplugin-gridgallery-item-img\" alt=\"Part 2\" src=\"https:\/\/4mandous.fr\/wp-content\/uploads\/2023\/01\/Perou-2022-Machu-Picchu-Part-1-300x225.jpg\" \/><\/a><\/div><\/div><div class=\"wonderplugin-gridgallery-item\" data-row=\"1\" data-col=\"1\"><div class=\"wonderplugin-gridgallery-item-container\"><a href=\"https:\/\/4mandous.fr\/?page_id=80109\" data-title=\"Sur la Route\"><img decoding=\"async\" class=\"wonderplugin-gridgallery-item-img\" alt=\"Sur la Route\" src=\"https:\/\/4mandous.fr\/wp-content\/uploads\/2023\/01\/Perou-2022-Machu-Picchu-Sur-la-Route-300x225.jpg\" \/><\/a><\/div><\/div><div style=\"clear:both;\"><\/div><\/div><div style=\"clear:both;\"><\/div><div class=\"wonderplugin-gridgallery-engine\"><a href=\"http:\/\/www.wonderplugin.com\/wordpress-gridgallery\/\" title=\"WordPress Portfolio\">WordPress Portfolio<\/a><\/div><\/div><script>jQuery(document).ready(function(){setTimeout(function(){jQuery(window).trigger(\"resize\");},500);});<\/script>\n<p>&nbsp;<\/p>\n<p>&nbsp;<\/p>\n<p>&nbsp;<\/p>\n<p>&nbsp;<\/p>\n<p>&nbsp;<\/p>\n<p>&nbsp;<\/p>\n<p>&nbsp;<\/p>\n<p>&nbsp;<\/p>\n<p>&nbsp;<\/p>\n<p>&nbsp;<\/p>\n<p>&nbsp;<\/p>\n<p>&nbsp;<\/p>\n<p>&nbsp;<\/p>\n","protected":false},"excerpt":{"rendered":"<p>Machu Picchu\u00a0 est une ancienne cit\u00e9 inca du XVe\u00a0si\u00e8cle au P\u00e9rou, perch\u00e9e sur un promontoire rocheux qui unit les monts Machu Picchu et Huayna Picchu sur le versant oriental des Andes centrales. Selon des documents du XVIe\u00a0si\u00e8cle, trouv\u00e9s par l&rsquo;arch\u00e9ologue am\u00e9ricain Hiram Bingham, professeur assistant d&rsquo;histoire de l&rsquo;Am\u00e9rique latine \u00e0 l\u2019universit\u00e9 Yale, Machu Picchu aurait&#8230;<\/p>\n<div class=\" [&hellip;]\"><a href=\"https:\/\/4mandous.fr\/?page_id=80009\">Afficher plus <i class=\"os-icon os-icon-angle-right\"><\/i><\/a><\/div>\n","protected":false},"author":1,"featured_media":0,"parent":78262,"menu_order":8,"comment_status":"closed","ping_status":"closed","template":"page-full-height.php","meta":{"footnotes":""},"categories":[12],"tags":[],"class_list":["post-80009","page","type-page","status-publish","hentry","category-ethiopie"],"_links":{"self":[{"href":"https:\/\/4mandous.fr\/index.php?rest_route=\/wp\/v2\/pages\/80009","targetHints":{"allow":["GET"]}}],"collection":[{"href":"https:\/\/4mandous.fr\/index.php?rest_route=\/wp\/v2\/pages"}],"about":[{"href":"https:\/\/4mandous.fr\/index.php?rest_route=\/wp\/v2\/types\/page"}],"author":[{"embeddable":true,"href":"https:\/\/4mandous.fr\/index.php?rest_route=\/wp\/v2\/users\/1"}],"replies":[{"embeddable":true,"href":"https:\/\/4mandous.fr\/index.php?rest_route=%2Fwp%2Fv2%2Fcomments&post=80009"}],"version-history":[{"count":0,"href":"https:\/\/4mandous.fr\/index.php?rest_route=\/wp\/v2\/pages\/80009\/revisions"}],"up":[{"embeddable":true,"href":"https:\/\/4mandous.fr\/index.php?rest_route=\/wp\/v2\/pages\/78262"}],"wp:attachment":[{"href":"https:\/\/4mandous.fr\/index.php?rest_route=%2Fwp%2Fv2%2Fmedia&parent=80009"}],"wp:term":[{"taxonomy":"category","embeddable":true,"href":"https:\/\/4mandous.fr\/index.php?rest_route=%2Fwp%2Fv2%2Fcategories&post=80009"},{"taxonomy":"post_tag","embeddable":true,"href":"https:\/\/4mandous.fr\/index.php?rest_route=%2Fwp%2Fv2%2Ftags&post=80009"}],"curies":[{"name":"wp","href":"https:\/\/api.w.org\/{rel}","templated":true}]}}