{"id":80088,"date":"2023-01-25T17:34:25","date_gmt":"2023-01-25T16:34:25","guid":{"rendered":"https:\/\/4mandous.fr\/?page_id=80088"},"modified":"2023-01-27T11:49:40","modified_gmt":"2023-01-27T10:49:40","slug":"vallee-sacree","status":"publish","type":"page","link":"https:\/\/4mandous.fr\/?page_id=80088","title":{"rendered":"Cuzco &#8211; Vall\u00e9e Sacr\u00e9e"},"content":{"rendered":"<p><strong>La <em>Vall\u00e9e sacr\u00e9e des Incas<\/em> ou <em>Vall\u00e9e de l&rsquo;Urubamba<\/em> est situ\u00e9e dans les Andes du P\u00e9rou, pr\u00e8s de la capitale de l&rsquo;Empire inca, Cuzco, \u00e0 une altitude moyenne de 2\u00a0800\u00a0<abbr class=\"abbr\" title=\"m\u00e8tre\">m<\/abbr> d&rsquo;altitude et en amont du site sacr\u00e9 de Machu Picchu. La vall\u00e9e est g\u00e9n\u00e9ralement consid\u00e9r\u00e9e comme incluant tout ce qui se trouve entre P\u00edsac en amont et Ollantaytambo en aval le long de la rivi\u00e8re Urubamba, la \u00ab\u00a0rivi\u00e8re sacr\u00e9e\u00a0\u00bb qui a creus\u00e9 cette vall\u00e9e. Une d\u00e9finition plus large l&rsquo;\u00e9tend jusqu&rsquo;au Machu Picchu. La rivi\u00e8re Urubamba est aliment\u00e9e par les nombreux affluents qui descendent des vall\u00e9es et gorges attenantes. Cette zone o\u00f9 l&rsquo;on parle toujours l&rsquo;aymara et le quechua regroupe de nombreux sites arch\u00e9ologiques, bourgades et villages datant de l&rsquo;\u00e9poque inca\u00efque. La vall\u00e9e \u00e9tait particuli\u00e8rement appr\u00e9ci\u00e9e par les Incas pour ses caract\u00e9ristiques g\u00e9ographiques et climatiques, et pour sa fertilit\u00e9. De nos jours aussi champs de ma\u00efs et potagers y prosp\u00e8rent, alternant avec des for\u00eats de <i>qiwi\u00f1a<\/i> fournissant le bois n\u00e9cessaire. C&rsquo;\u00e9tait en outre un des principaux sites pour l&rsquo;extraction de richesses min\u00e9rales.<\/strong><\/p>\n<div id=\"wondergridgallerylightbox_options_122\" data-skinsfoldername=\"skins\/default\/\"  data-jsfolder=\"https:\/\/4mandous.fr\/wp-content\/plugins\/wonderplugin-gridgallery-trial\/engine\/\" style=\"display:none;\"><\/div>\r\n<style>@import url(https:\/\/fonts.googleapis.com\/css?family=Open+Sans);  #wonderplugingridgallery-122 .wonderplugin-gridgallery-item-text {     background-color: rgba(51, 51, 51, 0.5);     color: #fff;     text-align: center;     font: 14px \"open sans\", Arial, Helvetica, sans-serif;     padding: 8px 0px;     position: absolute;     left: 0px;     bottom: 0px;     width: 100%;     box-sizing: border-box;     -webkit-box-sizing: border-box;     -moz-box-sizing: border-box; }  #wonderplugingridgallery-122 .wonderplugin-gridgallery-item-title {     font-size: 14px; }  #wonderplugingridgallery-122 .wonderplugin-gridgallery-item-description {     font-size: 12px; }  #wonderplugingridgallery-122 .wonderplugin-gridgallery-item-button { }  #wonderplugingridgallery-122 .wonderplugin-gridgallery-item-caption {     font: 14px \"open sans\", Arial, Helvetica, sans-serif;     text-align: center;    color: #333; }  #wonderplugingridgallery-122 .wonderplugin-gridgallery-item-caption-title {     font-size: 14px; }  #wonderplugingridgallery-122 .wonderplugin-gridgallery-item-caption-description {     font-size: 12px; }  .wpgridgallery-socialmedia-button { \tdisplay: inline-block; \tmargin: 4px; }  .wpgridgallery-socialmedia-button a { \tbox-shadow: none; }  .wpgridgallery-socialmedia-icon { \tdisplay:table-cell; \twidth:32px; \theight:32px; \tfont-size:18px; \tborder-radius:50%; \tcolor:#fff; \tvertical-align:middle; \ttext-align:center; \tcursor:pointer; \tpadding:0; }  .wpgridgallery-socialmedia-rotate { \ttransition: transform .4s ease-in;  }   .wpgridgallery-socialmedia-rotate:hover {  \ttransform: rotate(360deg);  }<\/style><style>#wonderplugingridgallery-122 .wpp-category-greybutton .wonderplugin-gridgallery-tag { \tborder: none; \tbackground: #666; \tcolor: #fff;   \tpadding: 6px 12px; \tfont-size: 12px; \tfont-weight: normal; \t   \tfont-family: \"Lucida Sans Unicode\",\"Lucida Grande\",sans-serif,Arial;   \tbox-sizing: border-box;    \tcursor: pointer;   \ttext-align: center;   \ttext-decoration: none;   \ttext-shadow: none;   \ttext-transform: none;   \twhite-space: nowrap;   \t-webkit-font-smoothing: antialiased;   \tborder-radius: 2px;   \ttransition: background-color 0.3s ease; }  #wonderplugingridgallery-122 .wpp-category-greybutton .wonderplugin-gridgallery-tag:hover, #wonderplugingridgallery-122 .wpp-category-greybutton .wonderplugin-gridgallery-tag:focus { \tborder: none; \tbackground: #999; \tcolor: #fff; }  #wonderplugingridgallery-122 .wpp-category-greybutton .wonderplugin-gridgallery-tag-selected, #wonderplugingridgallery-122 .wpp-category-greybutton .wonderplugin-gridgallery-tag-selected:hover, #wonderplugingridgallery-122 .wpp-category-greybutton .wonderplugin-gridgallery-tag-selected:focus { \tborder: none; \tbackground: #f3b200; \tcolor: #fff; }<\/style><div class=\"wonderplugingridgallery\" id=\"wonderplugingridgallery-122\" data-gridgalleryid=\"122\" data-width=\"200\" data-height=\"150\" data-skin=\"list\" data-style=\"roundcorner\" data-categorylist=\"[{&quot;slug&quot;:&quot;all&quot;,&quot;caption&quot;:&quot;Show All&quot;}]\" data-mediumgridsize=\"false\" data-smallgridsize=\"false\" data-applylinktotext=\"false\" data-fullwidth=\"false\" data-fullwidthsamegrid=\"false\" data-supportshortcode=\"false\" data-donotzoomin=\"false\" data-enabletabindex=\"false\" data-masonrymode=\"false\" data-random=\"false\" data-shownavigation=\"true\" data-shownavcontrol=\"true\" data-hidenavdefault=\"false\" data-nohoverontouchscreen=\"false\" data-hoverzoomin=\"true\" data-hoverzoominimageonly=\"true\" data-hoverzoominimagecenter=\"false\" data-hoverfade=\"false\" data-responsive=\"true\" data-mediumscreen=\"true\" data-smallscreen=\"true\" data-showtitle=\"true\" data-showtexttitle=\"true\" data-showtextdescription=\"false\" data-showtextbutton=\"false\" data-overlaylink=\"false\" data-donotaddtext=\"false\" data-lightboxnogroup=\"false\" data-lightboxcategorygroup=\"false\" data-justifymode=\"false\" data-donotjustifylastrowifoverlimit=\"false\" data-donotjustifyifonlyonerowandoverlimit=\"true\" data-limitjustifymaxheight=\"true\" data-usetemplatefortextoverlay=\"false\" data-usetemplateforgrid=\"false\" data-deferloading=\"false\" data-lightboxshowallcategories=\"false\" data-lightboxshowtitle=\"true\" data-lightboxshowdescription=\"false\" data-lightboxaddsocialmedia=\"false\" data-lightboxresponsive=\"true\" data-centerimage=\"true\" data-circularimage=\"false\" data-firstimage=\"false\" data-textinsidespace=\"false\" data-donotinit=\"false\" data-addinitscript=\"false\" data-lightboxshowsocial=\"false\" data-lightboxshowemail=\"false\" data-lightboxshowfacebook=\"true\" data-lightboxshowtwitter=\"true\" data-lightboxshowpinterest=\"true\" data-lightboxshowdownload=\"false\" data-lightboxsocialrotateeffect=\"true\" data-lightboxenablehtml5poster=\"false\" data-lightboxenableaudio=\"false\" data-lightboxaudioautoplay=\"true\" data-lightboxaudioloop=\"true\" data-lightboxaudioshowonhover=\"true\" data-categorymulticatand=\"false\" data-categoryshow=\"false\" data-categoryhideall=\"false\" data-categorymulticat=\"false\" data-categoryatleastone=\"false\" data-addvideoplaybutton=\"true\" data-lightboxfullscreenmode=\"false\" data-lightboxcloseonoverlay=\"true\" data-lightboxvideohidecontrols=\"false\" data-lightboxfullscreentextoutside=\"true\" data-lightboxfullscreenmodeonsmallscreen=\"false\" data-lightboxfullscreentextinside=\"false\" data-triggerresizeafterinit=\"false\" data-removeinlinecss=\"false\" data-lightboxresponsivebarheight=\"false\" data-lightboxnotkeepratioonsmallheight=\"false\" data-lazyloadimages=\"true\" data-triggerresize=\"true\" data-loadallremaining=\"false\" data-lightboxautoslide=\"false\" data-lightboxshowtimer=\"true\" data-lightboxshowplaybutton=\"true\" data-lightboxalwaysshownavarrows=\"false\" data-lightboxshowtitleprefix=\"true\" data-smallimgheightpercent=\"100\" data-mediumimgheightpercent=\"100\" data-imgheightpercent=\"100\" data-smallimgwidthpercent=\"100\" data-mediumimgwidthpercent=\"100\" data-imgwidthpercent=\"100\" data-mediumwidth=\"320\" data-mediumheight=\"240\" data-smallwidth=\"320\" data-smallheight=\"240\" data-thumbwidth=\"90\" data-thumbheight=\"60\" data-thumbtopmargin=\"12\" data-thumbbottommargin=\"4\" data-barheight=\"64\" data-titlebottomcss=\"color:#333; font-size:14px; font-family:Armata,sans-serif,Arial; overflow:hidden; text-align:left;\" data-descriptionbottomcss=\"color:#333; font-size:12px; font-family:Arial,Helvetica,sans-serif; overflow:hidden; text-align:left; margin:4px 0px 0px; padding: 0px;\" data-googleanalyticsaccount=\"\" data-gap=\"8\" data-margin=\"0\" data-borderradius=\"4\" data-justifymaxheight=\"1\" data-hoverzoominvalue=\"24\" data-hoverzoominduration=\"180\" data-hoverzoominimagescale=\"1.1\" data-hoverzoominimageduration=\"360\" data-hoverfadeopacity=\"0.8\" data-hoverfadeduration=\"300\" data-videoplaybutton=\"playvideo-64-64-0.png\" data-column=\"1\" data-mediumcolumn=\"1\" data-mediumscreensize=\"800\" data-smallcolumn=\"1\" data-smallscreensize=\"600\" data-titlemode=\"always\" data-titleeffect=\"slide\" data-titleeffectduration=\"300\" data-titleheight=\"0\" data-scalemode=\"fill\" data-lightboxbgcolor=\"#fff\" data-lightboxoverlaybgcolor=\"#000\" data-lightboxoverlayopacity=\"0.9\" data-navbgcolor=\"rgba(0,0,0,0.2)\" data-deferloadingdelay=\"0\" data-categoryposition=\"topleft\" data-categorystyle=\"wpp-category-greybutton\" data-categorydefault=\"all\" data-verticalcategorysmallscreenwidth=\"480\" data-triggerresizedelay=\"500\" data-triggerresizeafterinitdelay=\"500\" data-lightboxfullscreensmallscreenwidth=\"800\" data-lightboxbordertopmargin=\"48\" data-lightboxbordertopmarginsmall=\"36\" data-lightboxresizespeed=\"400\" data-lightboxfadespeed=\"0\" data-lightboxtransition=\"none\" data-lightboxtransitionduration=\"400\" data-lightboxaudiofile=\"\" data-lightboxsocialposition=\"position:absolute;top:100%;right:0;\" data-lightboxsocialpositionsmallscreen=\"position:absolute;top:100%;right:0;left:0;\" data-lightboxsocialdirection=\"horizontal\" data-lightboxsocialbuttonsize=\"32\" data-lightboxsocialbuttonfontsize=\"18\" data-lightboxtitlestyle=\"bottom\" data-lightboximagepercentage=\"75\" data-lightboxdefaultvideovolume=\"1\" data-lightboxtitleprefix=\"%NUM \/ %TOTAL\" data-lightboxtitleinsidecss=\"color:#fff; font-size:16px; font-family:Arial,Helvetica,sans-serif; overflow:hidden; text-align:left;\" data-lightboxdescriptioninsidecss=\"color:#fff; font-size:12px; font-family:Arial,Helvetica,sans-serif; overflow:hidden; text-align:left; margin:4px 0px 0px; padding: 0px;\" data-lightboxfullscreentitlebottomcss=\"color:#fff; font-size:16px; font-family:Arial,Helvetica,sans-serif; overflow:hidden; text-align:left; margin:4px 8px 8px;\" data-lightboxfullscreendescriptionbottomcss=\"color:#fff; font-size:12px; font-family:Arial,Helvetica,sans-serif; overflow:hidden; text-align:left; margin:4px 0px 0px; padding: 0px;\" data-lightboxsmallscreenheight=\"415\" data-lightboxbarheightonsmallheight=\"64\" data-lazyloadmode=\"none\" data-itemsperpage=\"12\" data-loadmorecaption=\"Load More\" data-loadmorecssstyle=\"wpp-loadmore-greybutton\" data-paginationcssstyle=\"wpp-pagination-greybutton\" data-paginationpos=\"bottom\" data-lightboxenteranimation=\"\" data-lightboxexitanimation=\"\" data-lightboxnavarrowspos=\"inside\" data-lightboxslideinterval=\"5000\" data-lightboxtimerposition=\"bottom\" data-lightboxtimercolor=\"#dc572e\" data-lightboxtimeropacity=\"1\" data-lightboxbordersize=\"8\" data-lightboxborderradius=\"0\" data-categoryregulardropdown=\"false\" data-jsfolder=\"https:\/\/4mandous.fr\/wp-content\/plugins\/wonderplugin-gridgallery-trial\/engine\/\" data-skinsfoldername=\"skins\/default\/\" style=\"display:none;position:relative;margin:0 auto;width:100%;max-width:200px;\" ><div class=\"wonderplugin-gridgallery-list\" style=\"display:block;position:relative;max-width:100%;margin:0 auto;\"><div class=\"wonderplugin-gridgallery-item\" data-row=\"1\" data-col=\"1\"><div class=\"wonderplugin-gridgallery-item-container\"><a href=\"https:\/\/4mandous.fr\/?page_id=78262\" data-title=\"Retour Perou\"><img decoding=\"async\" class=\"wonderplugin-gridgallery-item-img\" alt=\"Retour Perou\" src=\"https:\/\/4mandous.fr\/wp-content\/uploads\/2023\/01\/Perou-2022-300x225.jpg\" \/><\/a><\/div><\/div><div class=\"wonderplugin-gridgallery-item\" data-row=\"1\" data-col=\"1\"><div class=\"wonderplugin-gridgallery-item-container\"><a href=\"https:\/\/4mandous.fr\/?page_id=80088\" data-title=\"Vall\u00e9e Sacr\u00e9e\"><img decoding=\"async\" class=\"wonderplugin-gridgallery-item-img\" alt=\"Vall\u00e9e Sacr\u00e9e\" src=\"https:\/\/4mandous.fr\/wp-content\/uploads\/2023\/01\/Perou-2022-Cuzco-Valle-Sacree-300x225.jpg\" \/><\/a><\/div><\/div><div class=\"wonderplugin-gridgallery-item\" data-row=\"1\" data-col=\"1\"><div class=\"wonderplugin-gridgallery-item-container\"><a href=\"https:\/\/4mandous.fr\/?page_id=80027\" data-title=\"Ville\"><img decoding=\"async\" class=\"wonderplugin-gridgallery-item-img\" alt=\"Ville\" src=\"https:\/\/4mandous.fr\/wp-content\/uploads\/2023\/01\/Perou-2022-Cuzco-Ville-300x225.jpg\" \/><\/a><\/div><\/div><div class=\"wonderplugin-gridgallery-item\" data-row=\"1\" data-col=\"1\"><div class=\"wonderplugin-gridgallery-item-container\"><a href=\"https:\/\/4mandous.fr\/?page_id=80089\" data-title=\"Temple et couvent Merced\"><img decoding=\"async\" class=\"wonderplugin-gridgallery-item-img\" alt=\"Temple et couvent Merced\" src=\"https:\/\/4mandous.fr\/wp-content\/uploads\/2023\/01\/Perou-2022-Cuzco-Temple-et-couvent-Merced-300x225.jpg\" \/><\/a><\/div><\/div><div class=\"wonderplugin-gridgallery-item\" data-row=\"1\" data-col=\"1\"><div class=\"wonderplugin-gridgallery-item-container\"><a href=\"https:\/\/4mandous.fr\/?page_id=80096\" data-title=\"Eglises\"><img decoding=\"async\" class=\"wonderplugin-gridgallery-item-img\" alt=\"Eglises\" src=\"https:\/\/4mandous.fr\/wp-content\/uploads\/2023\/01\/Perou-2022-Cuzco-Eglises-300x225.jpg\" \/><\/a><\/div><\/div><div class=\"wonderplugin-gridgallery-item\" data-row=\"1\" data-col=\"1\"><div class=\"wonderplugin-gridgallery-item-container\"><a href=\"https:\/\/4mandous.fr\/?page_id=80090\" data-title=\"Temple du Soleil\"><img decoding=\"async\" class=\"wonderplugin-gridgallery-item-img\" alt=\"Temple du Soleil\" src=\"https:\/\/4mandous.fr\/wp-content\/uploads\/2023\/01\/Perou-2022-Cuzco-Temple-du-Soleil-300x225.jpg\" \/><\/a><\/div><\/div><div class=\"wonderplugin-gridgallery-item\" data-row=\"1\" data-col=\"1\"><div class=\"wonderplugin-gridgallery-item-container\"><a href=\"https:\/\/4mandous.fr\/?page_id=80091\" data-title=\"Salines de Maras\"><img decoding=\"async\" class=\"wonderplugin-gridgallery-item-img\" alt=\"Salines de Maras\" src=\"https:\/\/4mandous.fr\/wp-content\/uploads\/2023\/01\/Perou-2022-Cuzco-Salines-de-Maras-300x225.jpg\" \/><\/a><\/div><\/div><div class=\"wonderplugin-gridgallery-item\" data-row=\"1\" data-col=\"1\"><div class=\"wonderplugin-gridgallery-item-container\"><a href=\"https:\/\/4mandous.fr\/?page_id=80092\" data-title=\"Sacsayhuam\u00e1n\"><img decoding=\"async\" class=\"wonderplugin-gridgallery-item-img\" alt=\"Sacsayhuam\u00e1n\" src=\"https:\/\/4mandous.fr\/wp-content\/uploads\/2023\/01\/Perou-2022-Cuzco-Sacsayhuaman-300x225.jpg\" \/><\/a><\/div><\/div><div class=\"wonderplugin-gridgallery-item\" data-row=\"1\" data-col=\"1\"><div class=\"wonderplugin-gridgallery-item-container\"><a href=\"https:\/\/4mandous.fr\/?page_id=80094\" data-title=\"Puka Pukara\"><img decoding=\"async\" class=\"wonderplugin-gridgallery-item-img\" alt=\"Puka Pukara\" src=\"https:\/\/4mandous.fr\/wp-content\/uploads\/2023\/01\/Perou-2022-Cuzco-Puka-Pukara-300x225.jpg\" \/><\/a><\/div><\/div><div class=\"wonderplugin-gridgallery-item\" data-row=\"1\" data-col=\"1\"><div class=\"wonderplugin-gridgallery-item-container\"><a href=\"https:\/\/4mandous.fr\/?page_id=80095\" data-title=\"Moray\"><img decoding=\"async\" class=\"wonderplugin-gridgallery-item-img\" alt=\"Moray\" src=\"https:\/\/4mandous.fr\/wp-content\/uploads\/2023\/01\/Perou-2022-Cuzco-Moray-300x225.jpg\" \/><\/a><\/div><\/div><div class=\"wonderplugin-gridgallery-item\" data-row=\"1\" data-col=\"1\"><div class=\"wonderplugin-gridgallery-item-container\"><a href=\"https:\/\/4mandous.fr\/?page_id=80093\" data-title=\"Qenko\"><img decoding=\"async\" class=\"wonderplugin-gridgallery-item-img\" alt=\"Qenko\" src=\"https:\/\/4mandous.fr\/wp-content\/uploads\/2023\/01\/Perou-2022-Cuzco-Qenko-300x225.jpg\" \/><\/a><\/div><\/div><div style=\"clear:both;\"><\/div><\/div><div style=\"clear:both;\"><\/div><div class=\"wonderplugin-gridgallery-engine\"><a href=\"http:\/\/www.wonderplugin.com\/wordpress-gridgallery\/\" title=\"WordPress Portfolio\">WordPress Portfolio<\/a><\/div><\/div><script>jQuery(document).ready(function(){setTimeout(function(){jQuery(window).trigger(\"resize\");},500);});<\/script>\n<p>&nbsp;<\/p>\n<p>&nbsp;<\/p>\n<p>&nbsp;<\/p>\n<p>&nbsp;<\/p>\n<p>&nbsp;<\/p>\n<p>&nbsp;<\/p>\n","protected":false},"excerpt":{"rendered":"<p>La Vall\u00e9e sacr\u00e9e des Incas ou Vall\u00e9e de l&rsquo;Urubamba est situ\u00e9e dans les Andes du P\u00e9rou, pr\u00e8s de la capitale de l&rsquo;Empire inca, Cuzco, \u00e0 une altitude moyenne de 2\u00a0800\u00a0m d&rsquo;altitude et en amont du site sacr\u00e9 de Machu Picchu. La vall\u00e9e est g\u00e9n\u00e9ralement consid\u00e9r\u00e9e comme incluant tout ce qui se trouve entre P\u00edsac en&#8230;<\/p>\n<div class=\" [&hellip;]\"><a href=\"https:\/\/4mandous.fr\/?page_id=80088\">Afficher plus <i class=\"os-icon os-icon-angle-right\"><\/i><\/a><\/div>\n","protected":false},"author":1,"featured_media":0,"parent":80007,"menu_order":1,"comment_status":"closed","ping_status":"closed","template":"page-full-height.php","meta":{"footnotes":""},"categories":[19],"tags":[],"class_list":["post-80088","page","type-page","status-publish","hentry","category-perou"],"_links":{"self":[{"href":"https:\/\/4mandous.fr\/index.php?rest_route=\/wp\/v2\/pages\/80088","targetHints":{"allow":["GET"]}}],"collection":[{"href":"https:\/\/4mandous.fr\/index.php?rest_route=\/wp\/v2\/pages"}],"about":[{"href":"https:\/\/4mandous.fr\/index.php?rest_route=\/wp\/v2\/types\/page"}],"author":[{"embeddable":true,"href":"https:\/\/4mandous.fr\/index.php?rest_route=\/wp\/v2\/users\/1"}],"replies":[{"embeddable":true,"href":"https:\/\/4mandous.fr\/index.php?rest_route=%2Fwp%2Fv2%2Fcomments&post=80088"}],"version-history":[{"count":0,"href":"https:\/\/4mandous.fr\/index.php?rest_route=\/wp\/v2\/pages\/80088\/revisions"}],"up":[{"embeddable":true,"href":"https:\/\/4mandous.fr\/index.php?rest_route=\/wp\/v2\/pages\/80007"}],"wp:attachment":[{"href":"https:\/\/4mandous.fr\/index.php?rest_route=%2Fwp%2Fv2%2Fmedia&parent=80088"}],"wp:term":[{"taxonomy":"category","embeddable":true,"href":"https:\/\/4mandous.fr\/index.php?rest_route=%2Fwp%2Fv2%2Fcategories&post=80088"},{"taxonomy":"post_tag","embeddable":true,"href":"https:\/\/4mandous.fr\/index.php?rest_route=%2Fwp%2Fv2%2Ftags&post=80088"}],"curies":[{"name":"wp","href":"https:\/\/api.w.org\/{rel}","templated":true}]}}