{"id":82183,"date":"2024-12-06T17:12:27","date_gmt":"2024-12-06T16:12:27","guid":{"rendered":"https:\/\/4mandous.fr\/?page_id=82183"},"modified":"2024-12-06T18:34:30","modified_gmt":"2024-12-06T17:34:30","slug":"kastel-gomilica","status":"publish","type":"page","link":"https:\/\/4mandous.fr\/?page_id=82183","title":{"rendered":"Kastel Gomilica"},"content":{"rendered":"<p><strong>En 1078, le roi Zvonimir offre au couvent des B\u00e9n\u00e9dictines de Split une possession dans la campagne de Ka\u0161tela o\u00f9 elles construisent, au XIIe si\u00e8cle, l&rsquo;\u00e9glise romane Saints C\u00f4me et Damien sur une ancienne n\u00e9cropole et une vieille \u00e9glise (on y a retrouv\u00e9 les restes de vieux sarcophages). Y sont conserv\u00e9es des reliques de la Vierge Marie, de Saint C\u00f4me et de Saint Damien ainsi que du roi de Hongrie Saint St\u00e9phane pr\u00e8s des villae rusticae romaines. Un ch\u00eane pubescent, vieux de pr\u00e8s de 700 ans, pousse devant l&rsquo;\u00e9glise. D&rsquo;apr\u00e8s la l\u00e9gende, le roi Zvonimir aimait se reposer sous son ombre.<\/strong><\/p>\n<p><strong>En 1545, les B\u00e9n\u00e9dictines ach\u00e8vent la construction d&rsquo;un village fortifi\u00e9 (Ka\u0161tilac) sur un r\u00e9cif nomm\u00e9 Gomilica. L&rsquo;entr\u00e9e dans le Ka\u0161tel est aujourd&rsquo;hui encore prot\u00e9g\u00e9e par une grande tour dans laquelle on entrait par un pont-levis en bois. En plus des s\u0153urs, quelques familles du village d\u00e9truit de Kozice s&rsquo;installent \u00e9galement dans le fort. Les autres construisent leurs maisons dans les alentours, sur la c\u00f4te.<\/strong><\/p>\n<p><strong>La vieille \u00e9glise paroissiale du XVIIIe si\u00e8cle est r\u00e9put\u00e9e pour les battants baroques sculpt\u00e9s de sa porte. Le sculpteur sur bois et pr\u00eatre Fulgencije Bakoti\u0107, n\u00e9 \u00e0 la moiti\u00e9 du XVIIIe si\u00e8cle \u00e0 Ka\u0161tel Gomilica, est c\u00e9l\u00e8bre pour ses crucifix. On peut admirer l&rsquo;un d&rsquo;entre eux dans l&rsquo;\u00e9glise paroissiale, deux autres au monast\u00e8re de Poljud, un au Mus\u00e9e de la ville de Ka\u0161tela et quelques-uns dans des monast\u00e8res en Italie.<\/strong><\/p>\n<div id=\"wondergridgallerylightbox_options_133\" data-skinsfoldername=\"skins\/default\/\"  data-jsfolder=\"https:\/\/4mandous.fr\/wp-content\/plugins\/wonderplugin-gridgallery-trial\/engine\/\" style=\"display:none;\"><\/div>\r\n<style>@import url(https:\/\/fonts.googleapis.com\/css?family=Open+Sans);  #wonderplugingridgallery-133 .wonderplugin-gridgallery-item-text {     background-color: rgba(51, 51, 51, 0.5);     color: #fff;     text-align: center;     font: 14px \"open sans\", Arial, Helvetica, sans-serif;     padding: 8px 0px;     position: absolute;     left: 0px;     bottom: 0px;     width: 100%;     box-sizing: border-box;     -webkit-box-sizing: border-box;     -moz-box-sizing: border-box; }  #wonderplugingridgallery-133 .wonderplugin-gridgallery-item-title {     font-size: 14px; }  #wonderplugingridgallery-133 .wonderplugin-gridgallery-item-description {     font-size: 12px; }  #wonderplugingridgallery-133 .wonderplugin-gridgallery-item-button { }  #wonderplugingridgallery-133 .wonderplugin-gridgallery-item-caption {     font: 14px \"open sans\", Arial, Helvetica, sans-serif;     text-align: center;    color: #333; }  #wonderplugingridgallery-133 .wonderplugin-gridgallery-item-caption-title {     font-size: 14px; }  #wonderplugingridgallery-133 .wonderplugin-gridgallery-item-caption-description {     font-size: 12px; }  .wpgridgallery-socialmedia-button { \tdisplay: inline-block; \tmargin: 4px; }  .wpgridgallery-socialmedia-button a { \tbox-shadow: none; }  .wpgridgallery-socialmedia-icon { \tdisplay:table-cell; \twidth:32px; \theight:32px; \tfont-size:18px; \tborder-radius:50%; \tcolor:#fff; \tvertical-align:middle; \ttext-align:center; \tcursor:pointer; \tpadding:0; }  .wpgridgallery-socialmedia-rotate { \ttransition: transform .4s ease-in;  }   .wpgridgallery-socialmedia-rotate:hover {  \ttransform: rotate(360deg);  }<\/style><style>#wonderplugingridgallery-133 .wpp-category-greybutton .wonderplugin-gridgallery-tag { \tborder: none; \tbackground: #666; \tcolor: #fff;   \tpadding: 6px 12px; \tfont-size: 12px; \tfont-weight: normal; \t   \tfont-family: \"Lucida Sans Unicode\",\"Lucida Grande\",sans-serif,Arial;   \tbox-sizing: border-box;    \tcursor: pointer;   \ttext-align: center;   \ttext-decoration: none;   \ttext-shadow: none;   \ttext-transform: none;   \twhite-space: nowrap;   \t-webkit-font-smoothing: antialiased;   \tborder-radius: 2px;   \ttransition: background-color 0.3s ease; }  #wonderplugingridgallery-133 .wpp-category-greybutton .wonderplugin-gridgallery-tag:hover, #wonderplugingridgallery-133 .wpp-category-greybutton .wonderplugin-gridgallery-tag:focus { \tborder: none; \tbackground: #999; \tcolor: #fff; }  #wonderplugingridgallery-133 .wpp-category-greybutton .wonderplugin-gridgallery-tag-selected, #wonderplugingridgallery-133 .wpp-category-greybutton .wonderplugin-gridgallery-tag-selected:hover, #wonderplugingridgallery-133 .wpp-category-greybutton .wonderplugin-gridgallery-tag-selected:focus { \tborder: none; \tbackground: #f3b200; \tcolor: #fff; }<\/style><div class=\"wonderplugingridgallery\" id=\"wonderplugingridgallery-133\" data-gridgalleryid=\"133\" data-width=\"200\" data-height=\"150\" data-skin=\"tiles\" data-style=\"roundcorner\" data-categorylist=\"[{&quot;slug&quot;:&quot;all&quot;,&quot;caption&quot;:&quot;Show All&quot;}]\" data-mediumgridsize=\"false\" data-smallgridsize=\"false\" data-applylinktotext=\"false\" data-fullwidth=\"false\" data-fullwidthsamegrid=\"false\" data-supportshortcode=\"false\" data-donotzoomin=\"false\" data-enabletabindex=\"false\" data-masonrymode=\"false\" data-random=\"false\" data-shownavigation=\"true\" data-shownavcontrol=\"true\" data-hidenavdefault=\"false\" data-nohoverontouchscreen=\"false\" data-hoverzoomin=\"true\" data-hoverzoominimageonly=\"true\" data-hoverzoominimagecenter=\"false\" data-hoverfade=\"false\" data-responsive=\"true\" data-mediumscreen=\"true\" data-smallscreen=\"true\" data-showtitle=\"true\" data-showtexttitle=\"true\" data-showtextdescription=\"false\" data-showtextbutton=\"false\" data-overlaylink=\"false\" data-donotaddtext=\"false\" data-lightboxnogroup=\"false\" data-lightboxcategorygroup=\"false\" data-justifymode=\"false\" data-donotjustifylastrowifoverlimit=\"false\" data-donotjustifyifonlyonerowandoverlimit=\"true\" data-limitjustifymaxheight=\"true\" data-usetemplatefortextoverlay=\"false\" data-usetemplateforgrid=\"false\" data-deferloading=\"false\" data-lightboxshowallcategories=\"false\" data-lightboxshowtitle=\"true\" data-lightboxshowdescription=\"false\" data-lightboxaddsocialmedia=\"false\" data-lightboxresponsive=\"true\" data-centerimage=\"true\" data-circularimage=\"false\" data-firstimage=\"false\" data-textinsidespace=\"false\" data-donotinit=\"false\" data-addinitscript=\"false\" data-lightboxshowsocial=\"false\" data-lightboxshowemail=\"false\" data-lightboxshowfacebook=\"true\" data-lightboxshowtwitter=\"true\" data-lightboxshowpinterest=\"true\" data-lightboxshowdownload=\"false\" data-lightboxsocialrotateeffect=\"true\" data-lightboxenablehtml5poster=\"false\" data-lightboxenableaudio=\"false\" data-lightboxaudioautoplay=\"true\" data-lightboxaudioloop=\"true\" data-lightboxaudioshowonhover=\"true\" data-categorymulticatand=\"false\" data-categoryshow=\"false\" data-categoryhideall=\"false\" data-categorymulticat=\"false\" data-categoryatleastone=\"false\" data-addvideoplaybutton=\"true\" data-lightboxfullscreenmode=\"false\" data-lightboxcloseonoverlay=\"true\" data-lightboxvideohidecontrols=\"false\" data-lightboxfullscreentextoutside=\"true\" data-lightboxfullscreenmodeonsmallscreen=\"false\" data-lightboxfullscreentextinside=\"false\" data-triggerresizeafterinit=\"false\" data-removeinlinecss=\"false\" data-lightboxresponsivebarheight=\"false\" data-lightboxnotkeepratioonsmallheight=\"false\" data-lazyloadimages=\"true\" data-triggerresize=\"true\" data-loadallremaining=\"false\" data-lightboxautoslide=\"false\" data-lightboxshowtimer=\"true\" data-lightboxshowplaybutton=\"true\" data-lightboxalwaysshownavarrows=\"false\" data-lightboxshowtitleprefix=\"true\" data-smallimgheightpercent=\"100\" data-mediumimgheightpercent=\"100\" data-imgheightpercent=\"100\" data-smallimgwidthpercent=\"100\" data-mediumimgwidthpercent=\"100\" data-imgwidthpercent=\"100\" data-mediumwidth=\"320\" data-mediumheight=\"240\" data-smallwidth=\"320\" data-smallheight=\"240\" data-thumbwidth=\"90\" data-thumbheight=\"60\" data-thumbtopmargin=\"12\" data-thumbbottommargin=\"4\" data-barheight=\"64\" data-titlebottomcss=\"color:#333; font-size:14px; font-family:Armata,sans-serif,Arial; overflow:hidden; text-align:left;\" data-descriptionbottomcss=\"color:#333; font-size:12px; font-family:Arial,Helvetica,sans-serif; overflow:hidden; text-align:left; margin:4px 0px 0px; padding: 0px;\" data-googleanalyticsaccount=\"\" data-gap=\"8\" data-margin=\"0\" data-borderradius=\"4\" data-justifymaxheight=\"1\" data-hoverzoominvalue=\"24\" data-hoverzoominduration=\"180\" data-hoverzoominimagescale=\"1.1\" data-hoverzoominimageduration=\"360\" data-hoverfadeopacity=\"0.8\" data-hoverfadeduration=\"300\" data-videoplaybutton=\"playvideo-64-64-0.png\" data-column=\"1\" data-mediumcolumn=\"1\" data-mediumscreensize=\"800\" data-smallcolumn=\"1\" data-smallscreensize=\"600\" data-titlemode=\"always\" data-titleeffect=\"slide\" data-titleeffectduration=\"300\" data-titleheight=\"0\" data-scalemode=\"fill\" data-lightboxbgcolor=\"#fff\" data-lightboxoverlaybgcolor=\"#000\" data-lightboxoverlayopacity=\"0.9\" data-navbgcolor=\"rgba(0,0,0,0.2)\" data-deferloadingdelay=\"0\" data-categoryposition=\"topleft\" data-categorystyle=\"wpp-category-greybutton\" data-categorydefault=\"all\" data-verticalcategorysmallscreenwidth=\"480\" data-triggerresizedelay=\"500\" data-triggerresizeafterinitdelay=\"500\" data-lightboxfullscreensmallscreenwidth=\"800\" data-lightboxbordertopmargin=\"48\" data-lightboxbordertopmarginsmall=\"36\" data-lightboxresizespeed=\"400\" data-lightboxfadespeed=\"0\" data-lightboxtransition=\"none\" data-lightboxtransitionduration=\"400\" data-lightboxaudiofile=\"\" data-lightboxsocialposition=\"position:absolute;top:100%;right:0;\" data-lightboxsocialpositionsmallscreen=\"position:absolute;top:100%;right:0;left:0;\" data-lightboxsocialdirection=\"horizontal\" data-lightboxsocialbuttonsize=\"32\" data-lightboxsocialbuttonfontsize=\"18\" data-lightboxtitlestyle=\"bottom\" data-lightboximagepercentage=\"75\" data-lightboxdefaultvideovolume=\"1\" data-lightboxtitleprefix=\"%NUM \/ %TOTAL\" data-lightboxtitleinsidecss=\"color:#fff; font-size:16px; font-family:Arial,Helvetica,sans-serif; overflow:hidden; text-align:left;\" data-lightboxdescriptioninsidecss=\"color:#fff; font-size:12px; font-family:Arial,Helvetica,sans-serif; overflow:hidden; text-align:left; margin:4px 0px 0px; padding: 0px;\" data-lightboxfullscreentitlebottomcss=\"color:#fff; font-size:16px; font-family:Arial,Helvetica,sans-serif; overflow:hidden; text-align:left; margin:4px 8px 8px;\" data-lightboxfullscreendescriptionbottomcss=\"color:#fff; font-size:12px; font-family:Arial,Helvetica,sans-serif; overflow:hidden; text-align:left; margin:4px 0px 0px; padding: 0px;\" data-lightboxsmallscreenheight=\"415\" data-lightboxbarheightonsmallheight=\"64\" data-lazyloadmode=\"none\" data-itemsperpage=\"12\" data-loadmorecaption=\"Load More\" data-loadmorecssstyle=\"wpp-loadmore-greybutton\" data-paginationcssstyle=\"wpp-pagination-greybutton\" data-paginationpos=\"bottom\" data-lightboxenteranimation=\"\" data-lightboxexitanimation=\"\" data-lightboxnavarrowspos=\"inside\" data-lightboxslideinterval=\"5000\" data-lightboxtimerposition=\"bottom\" data-lightboxtimercolor=\"#dc572e\" data-lightboxtimeropacity=\"1\" data-lightboxbordersize=\"8\" data-lightboxborderradius=\"0\" data-categoryregulardropdown=\"false\" data-jsfolder=\"https:\/\/4mandous.fr\/wp-content\/plugins\/wonderplugin-gridgallery-trial\/engine\/\" data-skinsfoldername=\"skins\/default\/\" style=\"display:none;position:relative;margin:0 auto;width:100%;max-width:200px;\" ><div class=\"wonderplugin-gridgallery-list\" style=\"display:block;position:relative;max-width:100%;margin:0 auto;\"><div class=\"wonderplugin-gridgallery-item\" data-row=\"1\" data-col=\"1\"><div class=\"wonderplugin-gridgallery-item-container\"><a href=\"https:\/\/4mandous.fr\/?page_id=82159\" data-title=\"Zagreb\"><img decoding=\"async\" class=\"wonderplugin-gridgallery-item-img\" alt=\"Zagreb\" src=\"https:\/\/4mandous.fr\/wp-content\/uploads\/2024\/05\/Croatie-2024-Zagreb-300x225.jpg\" \/><\/a><\/div><\/div><div class=\"wonderplugin-gridgallery-item\" data-row=\"1\" data-col=\"1\"><div class=\"wonderplugin-gridgallery-item-container\"><a href=\"https:\/\/4mandous.fr\/?page_id=82184\" data-title=\"Dubrovnik\"><img decoding=\"async\" class=\"wonderplugin-gridgallery-item-img\" alt=\"Dubrovnik\" src=\"https:\/\/4mandous.fr\/wp-content\/uploads\/2024\/05\/Croatie-2024-Dubrovnik-300x225.jpg\" \/><\/a><\/div><\/div><div class=\"wonderplugin-gridgallery-item\" data-row=\"1\" data-col=\"1\"><div class=\"wonderplugin-gridgallery-item-container\"><a href=\"https:\/\/4mandous.fr\/?page_id=82177\" data-title=\"Plitvice\"><img decoding=\"async\" class=\"wonderplugin-gridgallery-item-img\" alt=\"Plitvice\" src=\"https:\/\/4mandous.fr\/wp-content\/uploads\/2024\/05\/Croatie-2024-Plitvice-300x225.jpg\" \/><\/a><\/div><\/div><div class=\"wonderplugin-gridgallery-item\" data-row=\"1\" data-col=\"1\"><div class=\"wonderplugin-gridgallery-item-container\"><a href=\"https:\/\/4mandous.fr\/?page_id=82194\" data-title=\"Zadar\"><img decoding=\"async\" class=\"wonderplugin-gridgallery-item-img\" alt=\"Zadar\" src=\"https:\/\/4mandous.fr\/wp-content\/uploads\/2024\/05\/Croatie-2024-Zadar-300x225.jpg\" \/><\/a><\/div><\/div><div class=\"wonderplugin-gridgallery-item\" data-row=\"1\" data-col=\"1\"><div class=\"wonderplugin-gridgallery-item-container\"><a href=\"https:\/\/4mandous.fr\/?page_id=82166\" data-title=\"Trogir\"><img decoding=\"async\" class=\"wonderplugin-gridgallery-item-img\" alt=\"Trogir\" src=\"https:\/\/4mandous.fr\/wp-content\/uploads\/2024\/05\/Croatie-2024-Trogir-300x225.jpg\" \/><\/a><\/div><\/div><div class=\"wonderplugin-gridgallery-item\" data-row=\"1\" data-col=\"1\"><div class=\"wonderplugin-gridgallery-item-container\"><a href=\"https:\/\/4mandous.fr\/?page_id=82167\" data-title=\"Split\"><img decoding=\"async\" class=\"wonderplugin-gridgallery-item-img\" alt=\"Split\" src=\"https:\/\/4mandous.fr\/wp-content\/uploads\/2024\/05\/Croatie-2024-Split-300x225.jpg\" \/><\/a><\/div><\/div><div class=\"wonderplugin-gridgallery-item\" data-row=\"1\" data-col=\"1\"><div class=\"wonderplugin-gridgallery-item-container\"><a href=\"https:\/\/4mandous.fr\/?page_id=82176\" data-title=\"Pula\"><img decoding=\"async\" class=\"wonderplugin-gridgallery-item-img\" alt=\"Pula\" src=\"https:\/\/4mandous.fr\/wp-content\/uploads\/2024\/05\/Croatie-2024-Pula-300x225.jpg\" \/><\/a><\/div><\/div><div class=\"wonderplugin-gridgallery-item\" data-row=\"1\" data-col=\"1\"><div class=\"wonderplugin-gridgallery-item-container\"><a href=\"https:\/\/4mandous.fr\/?page_id=82181\" data-title=\"Les ruines de Salona\"><img decoding=\"async\" class=\"wonderplugin-gridgallery-item-img\" alt=\"Les ruines de Salona\" src=\"https:\/\/4mandous.fr\/wp-content\/uploads\/2024\/05\/Croatie-2024-Les-ruines-de-Salona-300x225.jpg\" \/><\/a><\/div><\/div><div class=\"wonderplugin-gridgallery-item\" data-row=\"1\" data-col=\"1\"><div class=\"wonderplugin-gridgallery-item-container\"><a href=\"https:\/\/4mandous.fr\/?page_id=82162\" data-title=\"Trsat Castle\"><img decoding=\"async\" class=\"wonderplugin-gridgallery-item-img\" alt=\"Trsat Castle\" src=\"https:\/\/4mandous.fr\/wp-content\/uploads\/2024\/05\/Croatie-2024-Trsat-Castle-300x225.jpg\" \/><\/a><\/div><\/div><div class=\"wonderplugin-gridgallery-item\" data-row=\"1\" data-col=\"1\"><div class=\"wonderplugin-gridgallery-item-container\"><a href=\"https:\/\/4mandous.fr\/?page_id=82168\" data-title=\"Slunj\"><img decoding=\"async\" class=\"wonderplugin-gridgallery-item-img\" alt=\"Slunj\" src=\"https:\/\/4mandous.fr\/wp-content\/uploads\/2024\/05\/Croatie-2024-Slung-300x225.jpg\" \/><\/a><\/div><\/div><div class=\"wonderplugin-gridgallery-item\" data-row=\"1\" data-col=\"1\"><div class=\"wonderplugin-gridgallery-item-container\"><a href=\"https:\/\/4mandous.fr\/?page_id=82170\" data-title=\"Rovinj\"><img decoding=\"async\" class=\"wonderplugin-gridgallery-item-img\" alt=\"Rovinj\" src=\"https:\/\/4mandous.fr\/wp-content\/uploads\/2024\/05\/Croatie-2024-Rovinj-300x225.jpg\" \/><\/a><\/div><\/div><div class=\"wonderplugin-gridgallery-item\" data-row=\"1\" data-col=\"1\"><div class=\"wonderplugin-gridgallery-item-container\"><a href=\"https:\/\/4mandous.fr\/?page_id=82180\" data-title=\"Novigrad\"><img decoding=\"async\" class=\"wonderplugin-gridgallery-item-img\" alt=\"Novigrad\" src=\"https:\/\/4mandous.fr\/wp-content\/uploads\/2024\/05\/Croatie-2024-Novigrad-300x225.jpg\" \/><\/a><\/div><\/div><div class=\"wonderplugin-gridgallery-item\" data-row=\"1\" data-col=\"1\"><div class=\"wonderplugin-gridgallery-item-container\"><a href=\"https:\/\/4mandous.fr\/?page_id=82182\" data-title=\"Klis\"><img decoding=\"async\" class=\"wonderplugin-gridgallery-item-img\" alt=\"Klis\" src=\"https:\/\/4mandous.fr\/wp-content\/uploads\/2024\/05\/Croatie-2024-Klis-300x225.jpg\" \/><\/a><\/div><\/div><div class=\"wonderplugin-gridgallery-item\" data-row=\"1\" data-col=\"1\"><div class=\"wonderplugin-gridgallery-item-container\"><a href=\"https:\/\/4mandous.fr\/?page_id=82169\" data-title=\"Sibenic\"><img decoding=\"async\" class=\"wonderplugin-gridgallery-item-img\" alt=\"Sibenic\" src=\"https:\/\/4mandous.fr\/wp-content\/uploads\/2024\/05\/Croatie-2024-Sibenic-300x225.jpg\" \/><\/a><\/div><\/div><div class=\"wonderplugin-gridgallery-item\" data-row=\"1\" data-col=\"1\"><div class=\"wonderplugin-gridgallery-item-container\"><a href=\"https:\/\/4mandous.fr\/?page_id=82179\" data-title=\"Opatija\"><img decoding=\"async\" class=\"wonderplugin-gridgallery-item-img\" alt=\"Opatija\" src=\"https:\/\/4mandous.fr\/wp-content\/uploads\/2024\/05\/Croatie-2024-Opatija-300x225.jpg\" \/><\/a><\/div><\/div><div class=\"wonderplugin-gridgallery-item\" data-row=\"1\" data-col=\"1\"><div class=\"wonderplugin-gridgallery-item-container\"><a href=\"https:\/\/4mandous.fr\/?page_id=82183\" data-title=\"Kastel Gomilica\"><img decoding=\"async\" class=\"wonderplugin-gridgallery-item-img\" alt=\"Kastel Gomilica\" src=\"https:\/\/4mandous.fr\/wp-content\/uploads\/2024\/05\/Croatie-2024-Kastel-Gomilica-300x225.jpg\" \/><\/a><\/div><\/div><div class=\"wonderplugin-gridgallery-item\" data-row=\"1\" data-col=\"1\"><div class=\"wonderplugin-gridgallery-item-container\"><a href=\"https:\/\/4mandous.fr\/?page_id=82178\" data-title=\"Paysages\"><img decoding=\"async\" class=\"wonderplugin-gridgallery-item-img\" alt=\"Paysages\" src=\"https:\/\/4mandous.fr\/wp-content\/uploads\/2024\/05\/Croatie-2024-Paysages-300x225.jpg\" \/><\/a><\/div><\/div><div style=\"clear:both;\"><\/div><\/div><div style=\"clear:both;\"><\/div><div class=\"wonderplugin-gridgallery-engine\"><a href=\"http:\/\/www.wonderplugin.com\/wordpress-gridgallery\/\" title=\"WordPress Portfolio\">WordPress Portfolio<\/a><\/div><\/div><script>jQuery(document).ready(function(){setTimeout(function(){jQuery(window).trigger(\"resize\");},500);});<\/script>\n<p>&nbsp;<\/p>\n","protected":false},"excerpt":{"rendered":"<p>En 1078, le roi Zvonimir offre au couvent des B\u00e9n\u00e9dictines de Split une possession dans la campagne de Ka\u0161tela o\u00f9 elles construisent, au XIIe si\u00e8cle, l&rsquo;\u00e9glise romane Saints C\u00f4me et Damien sur une ancienne n\u00e9cropole et une vieille \u00e9glise (on y a retrouv\u00e9 les restes de vieux sarcophages). Y sont conserv\u00e9es des reliques de la&#8230;<\/p>\n<div class=\" [&hellip;]\"><a href=\"https:\/\/4mandous.fr\/?page_id=82183\">Afficher plus <i class=\"os-icon os-icon-angle-right\"><\/i><\/a><\/div>\n","protected":false},"author":1,"featured_media":0,"parent":82154,"menu_order":16,"comment_status":"closed","ping_status":"closed","template":"page-full-height.php","meta":{"footnotes":""},"categories":[12],"tags":[],"class_list":["post-82183","page","type-page","status-publish","hentry","category-ethiopie"],"_links":{"self":[{"href":"https:\/\/4mandous.fr\/index.php?rest_route=\/wp\/v2\/pages\/82183","targetHints":{"allow":["GET"]}}],"collection":[{"href":"https:\/\/4mandous.fr\/index.php?rest_route=\/wp\/v2\/pages"}],"about":[{"href":"https:\/\/4mandous.fr\/index.php?rest_route=\/wp\/v2\/types\/page"}],"author":[{"embeddable":true,"href":"https:\/\/4mandous.fr\/index.php?rest_route=\/wp\/v2\/users\/1"}],"replies":[{"embeddable":true,"href":"https:\/\/4mandous.fr\/index.php?rest_route=%2Fwp%2Fv2%2Fcomments&post=82183"}],"version-history":[{"count":0,"href":"https:\/\/4mandous.fr\/index.php?rest_route=\/wp\/v2\/pages\/82183\/revisions"}],"up":[{"embeddable":true,"href":"https:\/\/4mandous.fr\/index.php?rest_route=\/wp\/v2\/pages\/82154"}],"wp:attachment":[{"href":"https:\/\/4mandous.fr\/index.php?rest_route=%2Fwp%2Fv2%2Fmedia&parent=82183"}],"wp:term":[{"taxonomy":"category","embeddable":true,"href":"https:\/\/4mandous.fr\/index.php?rest_route=%2Fwp%2Fv2%2Fcategories&post=82183"},{"taxonomy":"post_tag","embeddable":true,"href":"https:\/\/4mandous.fr\/index.php?rest_route=%2Fwp%2Fv2%2Ftags&post=82183"}],"curies":[{"name":"wp","href":"https:\/\/api.w.org\/{rel}","templated":true}]}}